{"id":4609,"date":"2024-07-30T12:10:50","date_gmt":"2024-07-30T10:10:50","guid":{"rendered":"http:\/\/localhost\/la-casa-del-prosciutto\/?post_type=product&#038;p=4609"},"modified":"2024-09-26T14:32:19","modified_gmt":"2024-09-26T12:32:19","slug":"morceau-de-jambon-san-daniele-fiocco-noce-stinco-copia","status":"publish","type":"product","link":"https:\/\/lacasadelprosciutto.publifarm.com\/fr\/product\/morceau-de-jambon-san-daniele-fiocco-noce-stinco-copia\/","title":{"rendered":"Salame + Speck + Guanciale"},"content":{"rendered":"<h3>Ingredients<\/h3>\n<h3>Salami<\/h3>\n<p>Porc (origine : Italie-FVG), sel, vin (contient des sulfites), poivre, sucre, ferments microbiens, conservateur : nitrite de sodium, ail. Produit sans gluten.<\/p>\n<h3>Speck<\/h3>\n<p>Porc, sel, fibres v\u00e9g\u00e9tales, dextrose, \u00e9pices et ar\u00f4mes, conservateurs : E252-E250. Produit sans gluten.<\/p>\n<h3>Guanciale<\/h3>\n<p>Gorge de porc, sel, fibres v\u00e9g\u00e9tales, sucre, dextrose, \u00e9pices et ar\u00f4mes, conservateurs : E252, E250. Produit sans gluten.<\/p>\n<h3>Mode de conservation<\/h3>\n<p>Conserver dans un endroit frais et sec.<\/p>\n<h3>Shelf-Life<\/h3>\n<p>Sous vide: 6 mesi<br \/>\n\u00c0 partir de la premi\u00e8re coupe: 1 mese<\/p>\n<h3>Mode d&#8217;utilisation<\/h3>\n<p>Se consomme tel quel apr\u00e8s tranchage.<\/p>\n","protected":false},"excerpt":{"rendered":"<p>Pourquoi se contenter de go\u00fbter seulement un de ces trois fantastiques produits faits avec les m\u00eames viandes de nos porcs ?<\/p>\n","protected":false},"featured_media":4547,"template":"","meta":{"_acf_changed":false,"inline_featured_image":false},"product_brand":[],"product_cat":[108],"product_tag":[],"class_list":{"0":"post-4609","1":"product","2":"type-product","3":"status-publish","4":"has-post-thumbnail","6":"product_cat-autres-specialites","8":"first","9":"instock","10":"sale","11":"taxable","12":"shipping-taxable","13":"purchasable","14":"product-type-simple"},"acf":[],"yoast_head":"<!-- This site is optimized with the Yoast SEO plugin v27.2 - https:\/\/yoast.com\/product\/yoast-seo-wordpress\/ -->\n<title>Salame + Speck + Guanciale - La Casa del Prosciutto<\/title>\n<meta name=\"robots\" content=\"index, follow, max-snippet:-1, max-image-preview:large, max-video-preview:-1\" \/>\n<link rel=\"canonical\" href=\"https:\/\/lacasadelprosciutto.publifarm.com\/fr\/product\/morceau-de-jambon-san-daniele-fiocco-noce-stinco-copia\/\" \/>\n<meta property=\"og:locale\" content=\"fr_FR\" \/>\n<meta property=\"og:type\" content=\"article\" \/>\n<meta property=\"og:title\" content=\"Salame + Speck + Guanciale - La Casa del Prosciutto\" \/>\n<meta property=\"og:description\" content=\"Pourquoi se contenter de go\u00fbter seulement un de ces trois fantastiques produits faits avec les m\u00eames viandes de nos porcs ?\" \/>\n<meta property=\"og:url\" content=\"https:\/\/lacasadelprosciutto.publifarm.com\/fr\/product\/morceau-de-jambon-san-daniele-fiocco-noce-stinco-copia\/\" \/>\n<meta property=\"og:site_name\" content=\"La Casa del Prosciutto\" \/>\n<meta property=\"article:modified_time\" content=\"2024-09-26T12:32:19+00:00\" \/>\n<meta property=\"og:image\" content=\"https:\/\/lacasadelprosciutto.publifarm.com\/wp-content\/uploads\/2024\/07\/Salame-Speck-Guanciale-1.jpg\" \/>\n\t<meta property=\"og:image:width\" content=\"1500\" \/>\n\t<meta property=\"og:image:height\" content=\"2250\" \/>\n\t<meta property=\"og:image:type\" content=\"image\/jpeg\" \/>\n<meta name=\"twitter:card\" content=\"summary_large_image\" \/>\n<meta name=\"twitter:label1\" content=\"Dur\u00e9e de lecture estim\u00e9e\" \/>\n\t<meta name=\"twitter:data1\" content=\"1 minute\" \/>\n<script type=\"application\/ld+json\" class=\"yoast-schema-graph\">{\"@context\":\"https:\/\/schema.org\",\"@graph\":[{\"@type\":\"WebPage\",\"@id\":\"https:\/\/lacasadelprosciutto.publifarm.com\/fr\/product\/morceau-de-jambon-san-daniele-fiocco-noce-stinco-copia\/\",\"url\":\"https:\/\/lacasadelprosciutto.publifarm.com\/fr\/product\/morceau-de-jambon-san-daniele-fiocco-noce-stinco-copia\/\",\"name\":\"Salame + Speck + Guanciale - La Casa del Prosciutto\",\"isPartOf\":{\"@id\":\"https:\/\/lacasadelprosciutto.publifarm.com\/fr\/#website\"},\"primaryImageOfPage\":{\"@id\":\"https:\/\/lacasadelprosciutto.publifarm.com\/fr\/product\/morceau-de-jambon-san-daniele-fiocco-noce-stinco-copia\/#primaryimage\"},\"image\":{\"@id\":\"https:\/\/lacasadelprosciutto.publifarm.com\/fr\/product\/morceau-de-jambon-san-daniele-fiocco-noce-stinco-copia\/#primaryimage\"},\"thumbnailUrl\":\"https:\/\/lacasadelprosciutto.publifarm.com\/wp-content\/uploads\/2024\/07\/Salame-Speck-Guanciale-1.jpg\",\"datePublished\":\"2024-07-30T10:10:50+00:00\",\"dateModified\":\"2024-09-26T12:32:19+00:00\",\"breadcrumb\":{\"@id\":\"https:\/\/lacasadelprosciutto.publifarm.com\/fr\/product\/morceau-de-jambon-san-daniele-fiocco-noce-stinco-copia\/#breadcrumb\"},\"inLanguage\":\"fr-FR\",\"potentialAction\":[{\"@type\":\"ReadAction\",\"target\":[\"https:\/\/lacasadelprosciutto.publifarm.com\/fr\/product\/morceau-de-jambon-san-daniele-fiocco-noce-stinco-copia\/\"]}]},{\"@type\":\"ImageObject\",\"inLanguage\":\"fr-FR\",\"@id\":\"https:\/\/lacasadelprosciutto.publifarm.com\/fr\/product\/morceau-de-jambon-san-daniele-fiocco-noce-stinco-copia\/#primaryimage\",\"url\":\"https:\/\/lacasadelprosciutto.publifarm.com\/wp-content\/uploads\/2024\/07\/Salame-Speck-Guanciale-1.jpg\",\"contentUrl\":\"https:\/\/lacasadelprosciutto.publifarm.com\/wp-content\/uploads\/2024\/07\/Salame-Speck-Guanciale-1.jpg\",\"width\":1500,\"height\":2250},{\"@type\":\"BreadcrumbList\",\"@id\":\"https:\/\/lacasadelprosciutto.publifarm.com\/fr\/product\/morceau-de-jambon-san-daniele-fiocco-noce-stinco-copia\/#breadcrumb\",\"itemListElement\":[{\"@type\":\"ListItem\",\"position\":1,\"name\":\"Home\",\"item\":\"https:\/\/lacasadelprosciutto.publifarm.com\/fr\/\"},{\"@type\":\"ListItem\",\"position\":2,\"name\":\"Shop\",\"item\":\"https:\/\/lacasadelprosciutto.publifarm.com\/shop\/\"},{\"@type\":\"ListItem\",\"position\":3,\"name\":\"Salame + Speck + Guanciale\"}]},{\"@type\":\"WebSite\",\"@id\":\"https:\/\/lacasadelprosciutto.publifarm.com\/fr\/#website\",\"url\":\"https:\/\/lacasadelprosciutto.publifarm.com\/fr\/\",\"name\":\"La Casa del Prosciutto\",\"description\":\"Alberti 1906\",\"potentialAction\":[{\"@type\":\"SearchAction\",\"target\":{\"@type\":\"EntryPoint\",\"urlTemplate\":\"https:\/\/lacasadelprosciutto.publifarm.com\/fr\/?s={search_term_string}\"},\"query-input\":{\"@type\":\"PropertyValueSpecification\",\"valueRequired\":true,\"valueName\":\"search_term_string\"}}],\"inLanguage\":\"fr-FR\"}]}<\/script>\n<!-- \/ Yoast SEO plugin. -->","yoast_head_json":{"title":"Salame + Speck + Guanciale - La Casa del Prosciutto","robots":{"index":"index","follow":"follow","max-snippet":"max-snippet:-1","max-image-preview":"max-image-preview:large","max-video-preview":"max-video-preview:-1"},"canonical":"https:\/\/lacasadelprosciutto.publifarm.com\/fr\/product\/morceau-de-jambon-san-daniele-fiocco-noce-stinco-copia\/","og_locale":"fr_FR","og_type":"article","og_title":"Salame + Speck + Guanciale - La Casa del Prosciutto","og_description":"Pourquoi se contenter de go\u00fbter seulement un de ces trois fantastiques produits faits avec les m\u00eames viandes de nos porcs ?","og_url":"https:\/\/lacasadelprosciutto.publifarm.com\/fr\/product\/morceau-de-jambon-san-daniele-fiocco-noce-stinco-copia\/","og_site_name":"La Casa del Prosciutto","article_modified_time":"2024-09-26T12:32:19+00:00","og_image":[{"width":1500,"height":2250,"url":"https:\/\/lacasadelprosciutto.publifarm.com\/wp-content\/uploads\/2024\/07\/Salame-Speck-Guanciale-1.jpg","type":"image\/jpeg"}],"twitter_card":"summary_large_image","twitter_misc":{"Dur\u00e9e de lecture estim\u00e9e":"1 minute"},"schema":{"@context":"https:\/\/schema.org","@graph":[{"@type":"WebPage","@id":"https:\/\/lacasadelprosciutto.publifarm.com\/fr\/product\/morceau-de-jambon-san-daniele-fiocco-noce-stinco-copia\/","url":"https:\/\/lacasadelprosciutto.publifarm.com\/fr\/product\/morceau-de-jambon-san-daniele-fiocco-noce-stinco-copia\/","name":"Salame + Speck + Guanciale - La Casa del Prosciutto","isPartOf":{"@id":"https:\/\/lacasadelprosciutto.publifarm.com\/fr\/#website"},"primaryImageOfPage":{"@id":"https:\/\/lacasadelprosciutto.publifarm.com\/fr\/product\/morceau-de-jambon-san-daniele-fiocco-noce-stinco-copia\/#primaryimage"},"image":{"@id":"https:\/\/lacasadelprosciutto.publifarm.com\/fr\/product\/morceau-de-jambon-san-daniele-fiocco-noce-stinco-copia\/#primaryimage"},"thumbnailUrl":"https:\/\/lacasadelprosciutto.publifarm.com\/wp-content\/uploads\/2024\/07\/Salame-Speck-Guanciale-1.jpg","datePublished":"2024-07-30T10:10:50+00:00","dateModified":"2024-09-26T12:32:19+00:00","breadcrumb":{"@id":"https:\/\/lacasadelprosciutto.publifarm.com\/fr\/product\/morceau-de-jambon-san-daniele-fiocco-noce-stinco-copia\/#breadcrumb"},"inLanguage":"fr-FR","potentialAction":[{"@type":"ReadAction","target":["https:\/\/lacasadelprosciutto.publifarm.com\/fr\/product\/morceau-de-jambon-san-daniele-fiocco-noce-stinco-copia\/"]}]},{"@type":"ImageObject","inLanguage":"fr-FR","@id":"https:\/\/lacasadelprosciutto.publifarm.com\/fr\/product\/morceau-de-jambon-san-daniele-fiocco-noce-stinco-copia\/#primaryimage","url":"https:\/\/lacasadelprosciutto.publifarm.com\/wp-content\/uploads\/2024\/07\/Salame-Speck-Guanciale-1.jpg","contentUrl":"https:\/\/lacasadelprosciutto.publifarm.com\/wp-content\/uploads\/2024\/07\/Salame-Speck-Guanciale-1.jpg","width":1500,"height":2250},{"@type":"BreadcrumbList","@id":"https:\/\/lacasadelprosciutto.publifarm.com\/fr\/product\/morceau-de-jambon-san-daniele-fiocco-noce-stinco-copia\/#breadcrumb","itemListElement":[{"@type":"ListItem","position":1,"name":"Home","item":"https:\/\/lacasadelprosciutto.publifarm.com\/fr\/"},{"@type":"ListItem","position":2,"name":"Shop","item":"https:\/\/lacasadelprosciutto.publifarm.com\/shop\/"},{"@type":"ListItem","position":3,"name":"Salame + Speck + Guanciale"}]},{"@type":"WebSite","@id":"https:\/\/lacasadelprosciutto.publifarm.com\/fr\/#website","url":"https:\/\/lacasadelprosciutto.publifarm.com\/fr\/","name":"La Casa del Prosciutto","description":"Alberti 1906","potentialAction":[{"@type":"SearchAction","target":{"@type":"EntryPoint","urlTemplate":"https:\/\/lacasadelprosciutto.publifarm.com\/fr\/?s={search_term_string}"},"query-input":{"@type":"PropertyValueSpecification","valueRequired":true,"valueName":"search_term_string"}}],"inLanguage":"fr-FR"}]}},"_links":{"self":[{"href":"https:\/\/lacasadelprosciutto.publifarm.com\/fr\/wp-json\/wp\/v2\/product\/4609","targetHints":{"allow":["GET"]}}],"collection":[{"href":"https:\/\/lacasadelprosciutto.publifarm.com\/fr\/wp-json\/wp\/v2\/product"}],"about":[{"href":"https:\/\/lacasadelprosciutto.publifarm.com\/fr\/wp-json\/wp\/v2\/types\/product"}],"wp:featuredmedia":[{"embeddable":true,"href":"https:\/\/lacasadelprosciutto.publifarm.com\/fr\/wp-json\/wp\/v2\/media\/4547"}],"wp:attachment":[{"href":"https:\/\/lacasadelprosciutto.publifarm.com\/fr\/wp-json\/wp\/v2\/media?parent=4609"}],"wp:term":[{"taxonomy":"product_brand","embeddable":true,"href":"https:\/\/lacasadelprosciutto.publifarm.com\/fr\/wp-json\/wp\/v2\/product_brand?post=4609"},{"taxonomy":"product_cat","embeddable":true,"href":"https:\/\/lacasadelprosciutto.publifarm.com\/fr\/wp-json\/wp\/v2\/product_cat?post=4609"},{"taxonomy":"product_tag","embeddable":true,"href":"https:\/\/lacasadelprosciutto.publifarm.com\/fr\/wp-json\/wp\/v2\/product_tag?post=4609"}],"curies":[{"name":"wp","href":"https:\/\/api.w.org\/{rel}","templated":true}]}}