{"id":4339,"date":"2024-11-06T16:05:43","date_gmt":"2024-11-06T15:05:43","guid":{"rendered":"http:\/\/localhost\/la-casa-del-prosciutto\/product\/vaschetta-di-prosciutto-affettato\/"},"modified":"2024-11-28T19:42:08","modified_gmt":"2024-11-28T18:42:08","slug":"barquette-de-jambon-en-tranches","status":"publish","type":"product","link":"https:\/\/lacasadelprosciutto.publifarm.com\/fr\/product\/barquette-de-jambon-en-tranches\/","title":{"rendered":"\u00abIl Cofanetto\u00bb Alberti 1906 Jambon de San Daniele tranch\u00e9"},"content":{"rendered":"<h3>Ingr\u00e9dients<\/h3>\n<p>Cuisse de porc italien, sel de mer. Sans gluten, sans allerg\u00e8nes, sans additifs, sans conservateurs et sans colorants.<\/p>\n<h3>Mode de conservation<\/h3>\n<p>Conserver au r\u00e9frig\u00e9rateur (entre +1 \u00b0C et +7 \u00b0C).<\/p>\n<h3>Emballage<\/h3>\n<p>Le jambon est emball\u00e9 en atmosph\u00e8re protectrice \u00e0 base de gaz inertes qui emp\u00eachent l\u2019oxydation.<\/p>\n<h3>Shelf-Life<\/h3>\n<p>Ferm\u00e9: 90 jours<br \/>\nD\u00e8s l&#8217;ouverture: 1 jour<\/p>\n<h3>Curiosit\u00e9<\/h3>\n<p>Ces grains microscopiques que l\u2019on trouve parfois au centre de la partie maigre ne sont pas des grains de sel mais de simples cristaux de tyrosine, une substance naturelle qui provient du vieillissement des prot\u00e9ines et qui est le signe d\u2019un affinage prolong\u00e9.<\/p>\n","protected":false},"excerpt":{"rendered":"<p>1 boite longue conservation de 90g.<\/p>\n","protected":false},"featured_media":5644,"template":"","meta":{"_acf_changed":false,"inline_featured_image":false},"product_brand":[],"product_cat":[112],"product_tag":[],"class_list":{"0":"post-4339","1":"product","2":"type-product","3":"status-publish","4":"has-post-thumbnail","6":"product_cat-jambon-tranche","8":"first","9":"instock","10":"taxable","11":"shipping-taxable","12":"purchasable","13":"product-type-simple"},"acf":[],"yoast_head":"<!-- This site is optimized with the Yoast SEO plugin v27.2 - https:\/\/yoast.com\/product\/yoast-seo-wordpress\/ -->\n<title>\u00abIl Cofanetto\u00bb Alberti 1906 Jambon de San Daniele tranch\u00e9 - La Casa del Prosciutto<\/title>\n<meta name=\"robots\" content=\"index, follow, max-snippet:-1, max-image-preview:large, max-video-preview:-1\" \/>\n<link rel=\"canonical\" href=\"https:\/\/lacasadelprosciutto.publifarm.com\/fr\/product\/barquette-de-jambon-en-tranches\/\" \/>\n<meta property=\"og:locale\" content=\"fr_FR\" \/>\n<meta property=\"og:type\" content=\"article\" \/>\n<meta property=\"og:title\" content=\"\u00abIl Cofanetto\u00bb Alberti 1906 Jambon de San Daniele tranch\u00e9 - La Casa del Prosciutto\" \/>\n<meta property=\"og:description\" content=\"1 boite longue conservation de 90g.\" \/>\n<meta property=\"og:url\" content=\"https:\/\/lacasadelprosciutto.publifarm.com\/fr\/product\/barquette-de-jambon-en-tranches\/\" \/>\n<meta property=\"og:site_name\" content=\"La Casa del Prosciutto\" \/>\n<meta property=\"article:modified_time\" content=\"2024-11-28T18:42:08+00:00\" \/>\n<meta property=\"og:image\" content=\"https:\/\/lacasadelprosciutto.publifarm.com\/wp-content\/uploads\/2024\/11\/cofanetto.jpg\" \/>\n\t<meta property=\"og:image:width\" content=\"1500\" \/>\n\t<meta property=\"og:image:height\" content=\"2250\" \/>\n\t<meta property=\"og:image:type\" content=\"image\/jpeg\" \/>\n<meta name=\"twitter:card\" content=\"summary_large_image\" \/>\n<meta name=\"twitter:label1\" content=\"Dur\u00e9e de lecture estim\u00e9e\" \/>\n\t<meta name=\"twitter:data1\" content=\"1 minute\" \/>\n<script type=\"application\/ld+json\" class=\"yoast-schema-graph\">{\"@context\":\"https:\/\/schema.org\",\"@graph\":[{\"@type\":\"WebPage\",\"@id\":\"https:\/\/lacasadelprosciutto.publifarm.com\/fr\/product\/barquette-de-jambon-en-tranches\/\",\"url\":\"https:\/\/lacasadelprosciutto.publifarm.com\/fr\/product\/barquette-de-jambon-en-tranches\/\",\"name\":\"\u00abIl Cofanetto\u00bb Alberti 1906 Jambon de San Daniele tranch\u00e9 - La Casa del Prosciutto\",\"isPartOf\":{\"@id\":\"https:\/\/lacasadelprosciutto.publifarm.com\/fr\/#website\"},\"primaryImageOfPage\":{\"@id\":\"https:\/\/lacasadelprosciutto.publifarm.com\/fr\/product\/barquette-de-jambon-en-tranches\/#primaryimage\"},\"image\":{\"@id\":\"https:\/\/lacasadelprosciutto.publifarm.com\/fr\/product\/barquette-de-jambon-en-tranches\/#primaryimage\"},\"thumbnailUrl\":\"https:\/\/lacasadelprosciutto.publifarm.com\/wp-content\/uploads\/2024\/11\/cofanetto.jpg\",\"datePublished\":\"2024-11-06T15:05:43+00:00\",\"dateModified\":\"2024-11-28T18:42:08+00:00\",\"breadcrumb\":{\"@id\":\"https:\/\/lacasadelprosciutto.publifarm.com\/fr\/product\/barquette-de-jambon-en-tranches\/#breadcrumb\"},\"inLanguage\":\"fr-FR\",\"potentialAction\":[{\"@type\":\"ReadAction\",\"target\":[\"https:\/\/lacasadelprosciutto.publifarm.com\/fr\/product\/barquette-de-jambon-en-tranches\/\"]}]},{\"@type\":\"ImageObject\",\"inLanguage\":\"fr-FR\",\"@id\":\"https:\/\/lacasadelprosciutto.publifarm.com\/fr\/product\/barquette-de-jambon-en-tranches\/#primaryimage\",\"url\":\"https:\/\/lacasadelprosciutto.publifarm.com\/wp-content\/uploads\/2024\/11\/cofanetto.jpg\",\"contentUrl\":\"https:\/\/lacasadelprosciutto.publifarm.com\/wp-content\/uploads\/2024\/11\/cofanetto.jpg\",\"width\":1500,\"height\":2250},{\"@type\":\"BreadcrumbList\",\"@id\":\"https:\/\/lacasadelprosciutto.publifarm.com\/fr\/product\/barquette-de-jambon-en-tranches\/#breadcrumb\",\"itemListElement\":[{\"@type\":\"ListItem\",\"position\":1,\"name\":\"Home\",\"item\":\"https:\/\/lacasadelprosciutto.publifarm.com\/fr\/\"},{\"@type\":\"ListItem\",\"position\":2,\"name\":\"Shop\",\"item\":\"https:\/\/lacasadelprosciutto.publifarm.com\/shop\/\"},{\"@type\":\"ListItem\",\"position\":3,\"name\":\"\u00abIl Cofanetto\u00bb Alberti 1906 Jambon de San Daniele tranch\u00e9\"}]},{\"@type\":\"WebSite\",\"@id\":\"https:\/\/lacasadelprosciutto.publifarm.com\/fr\/#website\",\"url\":\"https:\/\/lacasadelprosciutto.publifarm.com\/fr\/\",\"name\":\"La Casa del Prosciutto\",\"description\":\"Alberti 1906\",\"potentialAction\":[{\"@type\":\"SearchAction\",\"target\":{\"@type\":\"EntryPoint\",\"urlTemplate\":\"https:\/\/lacasadelprosciutto.publifarm.com\/fr\/?s={search_term_string}\"},\"query-input\":{\"@type\":\"PropertyValueSpecification\",\"valueRequired\":true,\"valueName\":\"search_term_string\"}}],\"inLanguage\":\"fr-FR\"}]}<\/script>\n<!-- \/ Yoast SEO plugin. -->","yoast_head_json":{"title":"\u00abIl Cofanetto\u00bb Alberti 1906 Jambon de San Daniele tranch\u00e9 - La Casa del Prosciutto","robots":{"index":"index","follow":"follow","max-snippet":"max-snippet:-1","max-image-preview":"max-image-preview:large","max-video-preview":"max-video-preview:-1"},"canonical":"https:\/\/lacasadelprosciutto.publifarm.com\/fr\/product\/barquette-de-jambon-en-tranches\/","og_locale":"fr_FR","og_type":"article","og_title":"\u00abIl Cofanetto\u00bb Alberti 1906 Jambon de San Daniele tranch\u00e9 - La Casa del Prosciutto","og_description":"1 boite longue conservation de 90g.","og_url":"https:\/\/lacasadelprosciutto.publifarm.com\/fr\/product\/barquette-de-jambon-en-tranches\/","og_site_name":"La Casa del Prosciutto","article_modified_time":"2024-11-28T18:42:08+00:00","og_image":[{"width":1500,"height":2250,"url":"https:\/\/lacasadelprosciutto.publifarm.com\/wp-content\/uploads\/2024\/11\/cofanetto.jpg","type":"image\/jpeg"}],"twitter_card":"summary_large_image","twitter_misc":{"Dur\u00e9e de lecture estim\u00e9e":"1 minute"},"schema":{"@context":"https:\/\/schema.org","@graph":[{"@type":"WebPage","@id":"https:\/\/lacasadelprosciutto.publifarm.com\/fr\/product\/barquette-de-jambon-en-tranches\/","url":"https:\/\/lacasadelprosciutto.publifarm.com\/fr\/product\/barquette-de-jambon-en-tranches\/","name":"\u00abIl Cofanetto\u00bb Alberti 1906 Jambon de San Daniele tranch\u00e9 - La Casa del Prosciutto","isPartOf":{"@id":"https:\/\/lacasadelprosciutto.publifarm.com\/fr\/#website"},"primaryImageOfPage":{"@id":"https:\/\/lacasadelprosciutto.publifarm.com\/fr\/product\/barquette-de-jambon-en-tranches\/#primaryimage"},"image":{"@id":"https:\/\/lacasadelprosciutto.publifarm.com\/fr\/product\/barquette-de-jambon-en-tranches\/#primaryimage"},"thumbnailUrl":"https:\/\/lacasadelprosciutto.publifarm.com\/wp-content\/uploads\/2024\/11\/cofanetto.jpg","datePublished":"2024-11-06T15:05:43+00:00","dateModified":"2024-11-28T18:42:08+00:00","breadcrumb":{"@id":"https:\/\/lacasadelprosciutto.publifarm.com\/fr\/product\/barquette-de-jambon-en-tranches\/#breadcrumb"},"inLanguage":"fr-FR","potentialAction":[{"@type":"ReadAction","target":["https:\/\/lacasadelprosciutto.publifarm.com\/fr\/product\/barquette-de-jambon-en-tranches\/"]}]},{"@type":"ImageObject","inLanguage":"fr-FR","@id":"https:\/\/lacasadelprosciutto.publifarm.com\/fr\/product\/barquette-de-jambon-en-tranches\/#primaryimage","url":"https:\/\/lacasadelprosciutto.publifarm.com\/wp-content\/uploads\/2024\/11\/cofanetto.jpg","contentUrl":"https:\/\/lacasadelprosciutto.publifarm.com\/wp-content\/uploads\/2024\/11\/cofanetto.jpg","width":1500,"height":2250},{"@type":"BreadcrumbList","@id":"https:\/\/lacasadelprosciutto.publifarm.com\/fr\/product\/barquette-de-jambon-en-tranches\/#breadcrumb","itemListElement":[{"@type":"ListItem","position":1,"name":"Home","item":"https:\/\/lacasadelprosciutto.publifarm.com\/fr\/"},{"@type":"ListItem","position":2,"name":"Shop","item":"https:\/\/lacasadelprosciutto.publifarm.com\/shop\/"},{"@type":"ListItem","position":3,"name":"\u00abIl Cofanetto\u00bb Alberti 1906 Jambon de San Daniele tranch\u00e9"}]},{"@type":"WebSite","@id":"https:\/\/lacasadelprosciutto.publifarm.com\/fr\/#website","url":"https:\/\/lacasadelprosciutto.publifarm.com\/fr\/","name":"La Casa del Prosciutto","description":"Alberti 1906","potentialAction":[{"@type":"SearchAction","target":{"@type":"EntryPoint","urlTemplate":"https:\/\/lacasadelprosciutto.publifarm.com\/fr\/?s={search_term_string}"},"query-input":{"@type":"PropertyValueSpecification","valueRequired":true,"valueName":"search_term_string"}}],"inLanguage":"fr-FR"}]}},"_links":{"self":[{"href":"https:\/\/lacasadelprosciutto.publifarm.com\/fr\/wp-json\/wp\/v2\/product\/4339","targetHints":{"allow":["GET"]}}],"collection":[{"href":"https:\/\/lacasadelprosciutto.publifarm.com\/fr\/wp-json\/wp\/v2\/product"}],"about":[{"href":"https:\/\/lacasadelprosciutto.publifarm.com\/fr\/wp-json\/wp\/v2\/types\/product"}],"wp:featuredmedia":[{"embeddable":true,"href":"https:\/\/lacasadelprosciutto.publifarm.com\/fr\/wp-json\/wp\/v2\/media\/5644"}],"wp:attachment":[{"href":"https:\/\/lacasadelprosciutto.publifarm.com\/fr\/wp-json\/wp\/v2\/media?parent=4339"}],"wp:term":[{"taxonomy":"product_brand","embeddable":true,"href":"https:\/\/lacasadelprosciutto.publifarm.com\/fr\/wp-json\/wp\/v2\/product_brand?post=4339"},{"taxonomy":"product_cat","embeddable":true,"href":"https:\/\/lacasadelprosciutto.publifarm.com\/fr\/wp-json\/wp\/v2\/product_cat?post=4339"},{"taxonomy":"product_tag","embeddable":true,"href":"https:\/\/lacasadelprosciutto.publifarm.com\/fr\/wp-json\/wp\/v2\/product_tag?post=4339"}],"curies":[{"name":"wp","href":"https:\/\/api.w.org\/{rel}","templated":true}]}}