{"id":4261,"date":"2020-06-23T14:29:14","date_gmt":"2020-06-23T12:29:14","guid":{"rendered":"http:\/\/localhost\/la-casa-del-prosciutto\/product\/trancio-di-prosciutto-fiocco\/"},"modified":"2024-09-27T11:24:40","modified_gmt":"2024-09-27T09:24:40","slug":"morceau-de-jambon-san-daniele-fiocco","status":"publish","type":"product","link":"https:\/\/lacasadelprosciutto.publifarm.com\/fr\/product\/morceau-de-jambon-san-daniele-fiocco\/","title":{"rendered":"Morceau de jambon San Daniele &#8220;Fiocco&#8221;"},"content":{"rendered":"<h3>Ingr\u00e9dients<\/h3>\n<p>Cuisse de porc italien, sel de mer. Sans gluten, ni allerg\u00e8nes, ni additifs, ni conservateurs, ni colorants.<\/p>\n<h3>Modalit\u00e9s de conservation<\/h3>\n<p>Une fois la pellicule protective retir\u00e9e, conservez le jambon au r\u00e9frig\u00e9rateur (entre +1\u00b0C et +7\u00b0C) en le recouvrant d&#8217;un linge sec en coton.<\/p>\n<h3>Shelf-Life<\/h3>\n<p>Sous-vide : 6 mois<br \/>\n\u00c0 partir de la premi\u00e8re coupe : 1 mois<\/p>\n<h3>Curiosit\u00e9<\/h3>\n<p>Les granules microscopiques que l&#8217;on trouve parfois au centre de la partie maigre ne sont pas des grains de sel mais de simples cristaux de tyrosine, une substance naturelle r\u00e9sultant du vieillissement des prot\u00e9ines et qui est un signe de maturation prolong\u00e9e.<\/p>\n","protected":false},"excerpt":{"rendered":"<p>Notre jambon sans os affin\u00e9 de 20 \u00e0 24 mois en tranches.<\/p>\n","protected":false},"featured_media":4512,"template":"","meta":{"_acf_changed":false,"inline_featured_image":false},"product_brand":[],"product_cat":[100],"product_tag":[],"class_list":{"0":"post-4261","1":"product","2":"type-product","3":"status-publish","4":"has-post-thumbnail","6":"product_cat-jambon-desosse","7":"pa_peso-1_9_2_1kg","9":"first","10":"instock","11":"taxable","12":"shipping-taxable","13":"purchasable","14":"product-type-simple"},"acf":[],"yoast_head":"<!-- This site is optimized with the Yoast SEO plugin v27.2 - https:\/\/yoast.com\/product\/yoast-seo-wordpress\/ -->\n<title>Morceau de jambon San Daniele &quot;Fiocco&quot; - La Casa del Prosciutto<\/title>\n<meta name=\"robots\" content=\"index, follow, max-snippet:-1, max-image-preview:large, max-video-preview:-1\" \/>\n<link rel=\"canonical\" href=\"https:\/\/lacasadelprosciutto.publifarm.com\/fr\/product\/morceau-de-jambon-san-daniele-fiocco\/\" \/>\n<meta property=\"og:locale\" content=\"fr_FR\" \/>\n<meta property=\"og:type\" content=\"article\" \/>\n<meta property=\"og:title\" content=\"Morceau de jambon San Daniele &quot;Fiocco&quot; - La Casa del Prosciutto\" \/>\n<meta property=\"og:description\" content=\"Notre jambon sans os affin\u00e9 de 20 \u00e0 24 mois en tranches.\" \/>\n<meta property=\"og:url\" content=\"https:\/\/lacasadelprosciutto.publifarm.com\/fr\/product\/morceau-de-jambon-san-daniele-fiocco\/\" \/>\n<meta property=\"og:site_name\" content=\"La Casa del Prosciutto\" \/>\n<meta property=\"article:modified_time\" content=\"2024-09-27T09:24:40+00:00\" \/>\n<meta property=\"og:image\" content=\"https:\/\/lacasadelprosciutto.publifarm.com\/wp-content\/uploads\/2024\/07\/Trancio-di-Prosciutto-San-Daniele-_Fiocco_-1.jpg\" \/>\n\t<meta property=\"og:image:width\" content=\"1500\" \/>\n\t<meta property=\"og:image:height\" content=\"2250\" \/>\n\t<meta property=\"og:image:type\" content=\"image\/jpeg\" \/>\n<meta name=\"twitter:card\" content=\"summary_large_image\" \/>\n<meta name=\"twitter:label1\" content=\"Dur\u00e9e de lecture estim\u00e9e\" \/>\n\t<meta name=\"twitter:data1\" content=\"1 minute\" \/>\n<script type=\"application\/ld+json\" class=\"yoast-schema-graph\">{\"@context\":\"https:\/\/schema.org\",\"@graph\":[{\"@type\":\"WebPage\",\"@id\":\"https:\/\/lacasadelprosciutto.publifarm.com\/fr\/product\/morceau-de-jambon-san-daniele-fiocco\/\",\"url\":\"https:\/\/lacasadelprosciutto.publifarm.com\/fr\/product\/morceau-de-jambon-san-daniele-fiocco\/\",\"name\":\"Morceau de jambon San Daniele \\\"Fiocco\\\" - La Casa del Prosciutto\",\"isPartOf\":{\"@id\":\"https:\/\/lacasadelprosciutto.publifarm.com\/fr\/#website\"},\"primaryImageOfPage\":{\"@id\":\"https:\/\/lacasadelprosciutto.publifarm.com\/fr\/product\/morceau-de-jambon-san-daniele-fiocco\/#primaryimage\"},\"image\":{\"@id\":\"https:\/\/lacasadelprosciutto.publifarm.com\/fr\/product\/morceau-de-jambon-san-daniele-fiocco\/#primaryimage\"},\"thumbnailUrl\":\"https:\/\/lacasadelprosciutto.publifarm.com\/wp-content\/uploads\/2024\/07\/Trancio-di-Prosciutto-San-Daniele-_Fiocco_-1.jpg\",\"datePublished\":\"2020-06-23T12:29:14+00:00\",\"dateModified\":\"2024-09-27T09:24:40+00:00\",\"breadcrumb\":{\"@id\":\"https:\/\/lacasadelprosciutto.publifarm.com\/fr\/product\/morceau-de-jambon-san-daniele-fiocco\/#breadcrumb\"},\"inLanguage\":\"fr-FR\",\"potentialAction\":[{\"@type\":\"ReadAction\",\"target\":[\"https:\/\/lacasadelprosciutto.publifarm.com\/fr\/product\/morceau-de-jambon-san-daniele-fiocco\/\"]}]},{\"@type\":\"ImageObject\",\"inLanguage\":\"fr-FR\",\"@id\":\"https:\/\/lacasadelprosciutto.publifarm.com\/fr\/product\/morceau-de-jambon-san-daniele-fiocco\/#primaryimage\",\"url\":\"https:\/\/lacasadelprosciutto.publifarm.com\/wp-content\/uploads\/2024\/07\/Trancio-di-Prosciutto-San-Daniele-_Fiocco_-1.jpg\",\"contentUrl\":\"https:\/\/lacasadelprosciutto.publifarm.com\/wp-content\/uploads\/2024\/07\/Trancio-di-Prosciutto-San-Daniele-_Fiocco_-1.jpg\",\"width\":1500,\"height\":2250},{\"@type\":\"BreadcrumbList\",\"@id\":\"https:\/\/lacasadelprosciutto.publifarm.com\/fr\/product\/morceau-de-jambon-san-daniele-fiocco\/#breadcrumb\",\"itemListElement\":[{\"@type\":\"ListItem\",\"position\":1,\"name\":\"Home\",\"item\":\"https:\/\/lacasadelprosciutto.publifarm.com\/fr\/\"},{\"@type\":\"ListItem\",\"position\":2,\"name\":\"Shop\",\"item\":\"https:\/\/lacasadelprosciutto.publifarm.com\/shop\/\"},{\"@type\":\"ListItem\",\"position\":3,\"name\":\"Morceau de jambon San Daniele &#8220;Fiocco&#8221;\"}]},{\"@type\":\"WebSite\",\"@id\":\"https:\/\/lacasadelprosciutto.publifarm.com\/fr\/#website\",\"url\":\"https:\/\/lacasadelprosciutto.publifarm.com\/fr\/\",\"name\":\"La Casa del Prosciutto\",\"description\":\"Alberti 1906\",\"potentialAction\":[{\"@type\":\"SearchAction\",\"target\":{\"@type\":\"EntryPoint\",\"urlTemplate\":\"https:\/\/lacasadelprosciutto.publifarm.com\/fr\/?s={search_term_string}\"},\"query-input\":{\"@type\":\"PropertyValueSpecification\",\"valueRequired\":true,\"valueName\":\"search_term_string\"}}],\"inLanguage\":\"fr-FR\"}]}<\/script>\n<!-- \/ Yoast SEO plugin. -->","yoast_head_json":{"title":"Morceau de jambon San Daniele \"Fiocco\" - La Casa del Prosciutto","robots":{"index":"index","follow":"follow","max-snippet":"max-snippet:-1","max-image-preview":"max-image-preview:large","max-video-preview":"max-video-preview:-1"},"canonical":"https:\/\/lacasadelprosciutto.publifarm.com\/fr\/product\/morceau-de-jambon-san-daniele-fiocco\/","og_locale":"fr_FR","og_type":"article","og_title":"Morceau de jambon San Daniele \"Fiocco\" - La Casa del Prosciutto","og_description":"Notre jambon sans os affin\u00e9 de 20 \u00e0 24 mois en tranches.","og_url":"https:\/\/lacasadelprosciutto.publifarm.com\/fr\/product\/morceau-de-jambon-san-daniele-fiocco\/","og_site_name":"La Casa del Prosciutto","article_modified_time":"2024-09-27T09:24:40+00:00","og_image":[{"width":1500,"height":2250,"url":"https:\/\/lacasadelprosciutto.publifarm.com\/wp-content\/uploads\/2024\/07\/Trancio-di-Prosciutto-San-Daniele-_Fiocco_-1.jpg","type":"image\/jpeg"}],"twitter_card":"summary_large_image","twitter_misc":{"Dur\u00e9e de lecture estim\u00e9e":"1 minute"},"schema":{"@context":"https:\/\/schema.org","@graph":[{"@type":"WebPage","@id":"https:\/\/lacasadelprosciutto.publifarm.com\/fr\/product\/morceau-de-jambon-san-daniele-fiocco\/","url":"https:\/\/lacasadelprosciutto.publifarm.com\/fr\/product\/morceau-de-jambon-san-daniele-fiocco\/","name":"Morceau de jambon San Daniele \"Fiocco\" - La Casa del Prosciutto","isPartOf":{"@id":"https:\/\/lacasadelprosciutto.publifarm.com\/fr\/#website"},"primaryImageOfPage":{"@id":"https:\/\/lacasadelprosciutto.publifarm.com\/fr\/product\/morceau-de-jambon-san-daniele-fiocco\/#primaryimage"},"image":{"@id":"https:\/\/lacasadelprosciutto.publifarm.com\/fr\/product\/morceau-de-jambon-san-daniele-fiocco\/#primaryimage"},"thumbnailUrl":"https:\/\/lacasadelprosciutto.publifarm.com\/wp-content\/uploads\/2024\/07\/Trancio-di-Prosciutto-San-Daniele-_Fiocco_-1.jpg","datePublished":"2020-06-23T12:29:14+00:00","dateModified":"2024-09-27T09:24:40+00:00","breadcrumb":{"@id":"https:\/\/lacasadelprosciutto.publifarm.com\/fr\/product\/morceau-de-jambon-san-daniele-fiocco\/#breadcrumb"},"inLanguage":"fr-FR","potentialAction":[{"@type":"ReadAction","target":["https:\/\/lacasadelprosciutto.publifarm.com\/fr\/product\/morceau-de-jambon-san-daniele-fiocco\/"]}]},{"@type":"ImageObject","inLanguage":"fr-FR","@id":"https:\/\/lacasadelprosciutto.publifarm.com\/fr\/product\/morceau-de-jambon-san-daniele-fiocco\/#primaryimage","url":"https:\/\/lacasadelprosciutto.publifarm.com\/wp-content\/uploads\/2024\/07\/Trancio-di-Prosciutto-San-Daniele-_Fiocco_-1.jpg","contentUrl":"https:\/\/lacasadelprosciutto.publifarm.com\/wp-content\/uploads\/2024\/07\/Trancio-di-Prosciutto-San-Daniele-_Fiocco_-1.jpg","width":1500,"height":2250},{"@type":"BreadcrumbList","@id":"https:\/\/lacasadelprosciutto.publifarm.com\/fr\/product\/morceau-de-jambon-san-daniele-fiocco\/#breadcrumb","itemListElement":[{"@type":"ListItem","position":1,"name":"Home","item":"https:\/\/lacasadelprosciutto.publifarm.com\/fr\/"},{"@type":"ListItem","position":2,"name":"Shop","item":"https:\/\/lacasadelprosciutto.publifarm.com\/shop\/"},{"@type":"ListItem","position":3,"name":"Morceau de jambon San Daniele &#8220;Fiocco&#8221;"}]},{"@type":"WebSite","@id":"https:\/\/lacasadelprosciutto.publifarm.com\/fr\/#website","url":"https:\/\/lacasadelprosciutto.publifarm.com\/fr\/","name":"La Casa del Prosciutto","description":"Alberti 1906","potentialAction":[{"@type":"SearchAction","target":{"@type":"EntryPoint","urlTemplate":"https:\/\/lacasadelprosciutto.publifarm.com\/fr\/?s={search_term_string}"},"query-input":{"@type":"PropertyValueSpecification","valueRequired":true,"valueName":"search_term_string"}}],"inLanguage":"fr-FR"}]}},"_links":{"self":[{"href":"https:\/\/lacasadelprosciutto.publifarm.com\/fr\/wp-json\/wp\/v2\/product\/4261","targetHints":{"allow":["GET"]}}],"collection":[{"href":"https:\/\/lacasadelprosciutto.publifarm.com\/fr\/wp-json\/wp\/v2\/product"}],"about":[{"href":"https:\/\/lacasadelprosciutto.publifarm.com\/fr\/wp-json\/wp\/v2\/types\/product"}],"wp:featuredmedia":[{"embeddable":true,"href":"https:\/\/lacasadelprosciutto.publifarm.com\/fr\/wp-json\/wp\/v2\/media\/4512"}],"wp:attachment":[{"href":"https:\/\/lacasadelprosciutto.publifarm.com\/fr\/wp-json\/wp\/v2\/media?parent=4261"}],"wp:term":[{"taxonomy":"product_brand","embeddable":true,"href":"https:\/\/lacasadelprosciutto.publifarm.com\/fr\/wp-json\/wp\/v2\/product_brand?post=4261"},{"taxonomy":"product_cat","embeddable":true,"href":"https:\/\/lacasadelprosciutto.publifarm.com\/fr\/wp-json\/wp\/v2\/product_cat?post=4261"},{"taxonomy":"product_tag","embeddable":true,"href":"https:\/\/lacasadelprosciutto.publifarm.com\/fr\/wp-json\/wp\/v2\/product_tag?post=4261"}],"curies":[{"name":"wp","href":"https:\/\/api.w.org\/{rel}","templated":true}]}}