{"id":2210,"date":"2024-07-12T11:43:49","date_gmt":"2024-07-12T09:43:49","guid":{"rendered":"http:\/\/localhost\/la-casa-del-prosciutto\/product\/trancio-di-prosciutto-san-daniele-cuore\/"},"modified":"2024-09-26T14:40:28","modified_gmt":"2024-09-26T12:40:28","slug":"morceau-de-jambon-de-san-daniele-cuore","status":"publish","type":"product","link":"https:\/\/lacasadelprosciutto.publifarm.com\/fr\/product\/morceau-de-jambon-de-san-daniele-cuore\/","title":{"rendered":"Morceau de jambon de San Daniele &#8220;Cuore&#8221;"},"content":{"rendered":"<h3>Ingr\u00e9dients<\/h3>\n<p>Cuisse de porc italien, sel de mer. Sans gluten, sans allerg\u00e8nes, sans additifs, sans conservateurs et sans colorants.<\/p>\n<h3>Mode de conservation<\/h3>\n<p>Conserver au r\u00e9frig\u00e9rateur (entre +1 \u00b0C et +7 \u00b0C) en recouvrant le jambon d\u2019un torchon sec en coton une fois qu\u2019il a \u00e9t\u00e9 retir\u00e9 de son emballage protecteur.<\/p>\n<h3>Shelf-Life<\/h3>\n<p>Sous vide: 4 mois<br \/>\nDe la premi\u00e8re coupe: 1 mois<\/p>\n<h3>Curiosit\u00e9<\/h3>\n<p>Ces grains microscopiques que l\u2019on trouve parfois au centre de la partie maigre ne sont pas des grains de sel mais de simples cristaux de tyrosine, une substance naturelle qui provient du vieillissement des prot\u00e9ines et qui est le signe d\u2019un affinage prolong\u00e9.<\/p>\n","protected":false},"excerpt":{"rendered":"<p><span style=\"font-weight: 400;\">&#8220;Cuore&#8221;: la partie la plus douce et d\u00e9licate de notre jambon d\u00e9soss\u00e9<\/span><\/p>\n","protected":false},"featured_media":4508,"template":"","meta":{"_acf_changed":false,"inline_featured_image":false},"product_brand":[],"product_cat":[100],"product_tag":[],"class_list":{"0":"post-2210","1":"product","2":"type-product","3":"status-publish","4":"has-post-thumbnail","6":"product_cat-jambon-desosse","8":"first","9":"instock","10":"taxable","11":"shipping-taxable","12":"purchasable","13":"product-type-simple"},"acf":[],"yoast_head":"<!-- This site is optimized with the Yoast SEO plugin v27.2 - https:\/\/yoast.com\/product\/yoast-seo-wordpress\/ -->\n<title>Morceau de jambon de San Daniele &quot;Cuore&quot; - La Casa del Prosciutto<\/title>\n<meta name=\"robots\" content=\"index, follow, max-snippet:-1, max-image-preview:large, max-video-preview:-1\" \/>\n<link rel=\"canonical\" href=\"https:\/\/lacasadelprosciutto.publifarm.com\/fr\/product\/morceau-de-jambon-de-san-daniele-cuore\/\" \/>\n<meta property=\"og:locale\" content=\"fr_FR\" \/>\n<meta property=\"og:type\" content=\"article\" \/>\n<meta property=\"og:title\" content=\"Morceau de jambon de San Daniele &quot;Cuore&quot; - La Casa del Prosciutto\" \/>\n<meta property=\"og:description\" content=\"&quot;Cuore&quot;: la partie la plus douce et d\u00e9licate de notre jambon d\u00e9soss\u00e9\" \/>\n<meta property=\"og:url\" content=\"https:\/\/lacasadelprosciutto.publifarm.com\/fr\/product\/morceau-de-jambon-de-san-daniele-cuore\/\" \/>\n<meta property=\"og:site_name\" content=\"La Casa del Prosciutto\" \/>\n<meta property=\"article:modified_time\" content=\"2024-09-26T12:40:28+00:00\" \/>\n<meta property=\"og:image\" content=\"https:\/\/lacasadelprosciutto.publifarm.com\/wp-content\/uploads\/2024\/07\/Trancio-di-Prosciutto-San-Daniele-_Cuore_-1.jpg\" \/>\n\t<meta property=\"og:image:width\" content=\"1500\" \/>\n\t<meta property=\"og:image:height\" content=\"2250\" \/>\n\t<meta property=\"og:image:type\" content=\"image\/jpeg\" \/>\n<meta name=\"twitter:card\" content=\"summary_large_image\" \/>\n<meta name=\"twitter:label1\" content=\"Dur\u00e9e de lecture estim\u00e9e\" \/>\n\t<meta name=\"twitter:data1\" content=\"1 minute\" \/>\n<script type=\"application\/ld+json\" class=\"yoast-schema-graph\">{\"@context\":\"https:\/\/schema.org\",\"@graph\":[{\"@type\":\"WebPage\",\"@id\":\"https:\/\/lacasadelprosciutto.publifarm.com\/fr\/product\/morceau-de-jambon-de-san-daniele-cuore\/\",\"url\":\"https:\/\/lacasadelprosciutto.publifarm.com\/fr\/product\/morceau-de-jambon-de-san-daniele-cuore\/\",\"name\":\"Morceau de jambon de San Daniele \\\"Cuore\\\" - La Casa del Prosciutto\",\"isPartOf\":{\"@id\":\"https:\/\/lacasadelprosciutto.publifarm.com\/fr\/#website\"},\"primaryImageOfPage\":{\"@id\":\"https:\/\/lacasadelprosciutto.publifarm.com\/fr\/product\/morceau-de-jambon-de-san-daniele-cuore\/#primaryimage\"},\"image\":{\"@id\":\"https:\/\/lacasadelprosciutto.publifarm.com\/fr\/product\/morceau-de-jambon-de-san-daniele-cuore\/#primaryimage\"},\"thumbnailUrl\":\"https:\/\/lacasadelprosciutto.publifarm.com\/wp-content\/uploads\/2024\/07\/Trancio-di-Prosciutto-San-Daniele-_Cuore_-1.jpg\",\"datePublished\":\"2024-07-12T09:43:49+00:00\",\"dateModified\":\"2024-09-26T12:40:28+00:00\",\"breadcrumb\":{\"@id\":\"https:\/\/lacasadelprosciutto.publifarm.com\/fr\/product\/morceau-de-jambon-de-san-daniele-cuore\/#breadcrumb\"},\"inLanguage\":\"fr-FR\",\"potentialAction\":[{\"@type\":\"ReadAction\",\"target\":[\"https:\/\/lacasadelprosciutto.publifarm.com\/fr\/product\/morceau-de-jambon-de-san-daniele-cuore\/\"]}]},{\"@type\":\"ImageObject\",\"inLanguage\":\"fr-FR\",\"@id\":\"https:\/\/lacasadelprosciutto.publifarm.com\/fr\/product\/morceau-de-jambon-de-san-daniele-cuore\/#primaryimage\",\"url\":\"https:\/\/lacasadelprosciutto.publifarm.com\/wp-content\/uploads\/2024\/07\/Trancio-di-Prosciutto-San-Daniele-_Cuore_-1.jpg\",\"contentUrl\":\"https:\/\/lacasadelprosciutto.publifarm.com\/wp-content\/uploads\/2024\/07\/Trancio-di-Prosciutto-San-Daniele-_Cuore_-1.jpg\",\"width\":1500,\"height\":2250},{\"@type\":\"BreadcrumbList\",\"@id\":\"https:\/\/lacasadelprosciutto.publifarm.com\/fr\/product\/morceau-de-jambon-de-san-daniele-cuore\/#breadcrumb\",\"itemListElement\":[{\"@type\":\"ListItem\",\"position\":1,\"name\":\"Home\",\"item\":\"https:\/\/lacasadelprosciutto.publifarm.com\/fr\/\"},{\"@type\":\"ListItem\",\"position\":2,\"name\":\"Shop\",\"item\":\"https:\/\/lacasadelprosciutto.publifarm.com\/shop\/\"},{\"@type\":\"ListItem\",\"position\":3,\"name\":\"Morceau de jambon de San Daniele &#8220;Cuore&#8221;\"}]},{\"@type\":\"WebSite\",\"@id\":\"https:\/\/lacasadelprosciutto.publifarm.com\/fr\/#website\",\"url\":\"https:\/\/lacasadelprosciutto.publifarm.com\/fr\/\",\"name\":\"La Casa del Prosciutto\",\"description\":\"Alberti 1906\",\"potentialAction\":[{\"@type\":\"SearchAction\",\"target\":{\"@type\":\"EntryPoint\",\"urlTemplate\":\"https:\/\/lacasadelprosciutto.publifarm.com\/fr\/?s={search_term_string}\"},\"query-input\":{\"@type\":\"PropertyValueSpecification\",\"valueRequired\":true,\"valueName\":\"search_term_string\"}}],\"inLanguage\":\"fr-FR\"}]}<\/script>\n<!-- \/ Yoast SEO plugin. -->","yoast_head_json":{"title":"Morceau de jambon de San Daniele \"Cuore\" - La Casa del Prosciutto","robots":{"index":"index","follow":"follow","max-snippet":"max-snippet:-1","max-image-preview":"max-image-preview:large","max-video-preview":"max-video-preview:-1"},"canonical":"https:\/\/lacasadelprosciutto.publifarm.com\/fr\/product\/morceau-de-jambon-de-san-daniele-cuore\/","og_locale":"fr_FR","og_type":"article","og_title":"Morceau de jambon de San Daniele \"Cuore\" - La Casa del Prosciutto","og_description":"\"Cuore\": la partie la plus douce et d\u00e9licate de notre jambon d\u00e9soss\u00e9","og_url":"https:\/\/lacasadelprosciutto.publifarm.com\/fr\/product\/morceau-de-jambon-de-san-daniele-cuore\/","og_site_name":"La Casa del Prosciutto","article_modified_time":"2024-09-26T12:40:28+00:00","og_image":[{"width":1500,"height":2250,"url":"https:\/\/lacasadelprosciutto.publifarm.com\/wp-content\/uploads\/2024\/07\/Trancio-di-Prosciutto-San-Daniele-_Cuore_-1.jpg","type":"image\/jpeg"}],"twitter_card":"summary_large_image","twitter_misc":{"Dur\u00e9e de lecture estim\u00e9e":"1 minute"},"schema":{"@context":"https:\/\/schema.org","@graph":[{"@type":"WebPage","@id":"https:\/\/lacasadelprosciutto.publifarm.com\/fr\/product\/morceau-de-jambon-de-san-daniele-cuore\/","url":"https:\/\/lacasadelprosciutto.publifarm.com\/fr\/product\/morceau-de-jambon-de-san-daniele-cuore\/","name":"Morceau de jambon de San Daniele \"Cuore\" - La Casa del Prosciutto","isPartOf":{"@id":"https:\/\/lacasadelprosciutto.publifarm.com\/fr\/#website"},"primaryImageOfPage":{"@id":"https:\/\/lacasadelprosciutto.publifarm.com\/fr\/product\/morceau-de-jambon-de-san-daniele-cuore\/#primaryimage"},"image":{"@id":"https:\/\/lacasadelprosciutto.publifarm.com\/fr\/product\/morceau-de-jambon-de-san-daniele-cuore\/#primaryimage"},"thumbnailUrl":"https:\/\/lacasadelprosciutto.publifarm.com\/wp-content\/uploads\/2024\/07\/Trancio-di-Prosciutto-San-Daniele-_Cuore_-1.jpg","datePublished":"2024-07-12T09:43:49+00:00","dateModified":"2024-09-26T12:40:28+00:00","breadcrumb":{"@id":"https:\/\/lacasadelprosciutto.publifarm.com\/fr\/product\/morceau-de-jambon-de-san-daniele-cuore\/#breadcrumb"},"inLanguage":"fr-FR","potentialAction":[{"@type":"ReadAction","target":["https:\/\/lacasadelprosciutto.publifarm.com\/fr\/product\/morceau-de-jambon-de-san-daniele-cuore\/"]}]},{"@type":"ImageObject","inLanguage":"fr-FR","@id":"https:\/\/lacasadelprosciutto.publifarm.com\/fr\/product\/morceau-de-jambon-de-san-daniele-cuore\/#primaryimage","url":"https:\/\/lacasadelprosciutto.publifarm.com\/wp-content\/uploads\/2024\/07\/Trancio-di-Prosciutto-San-Daniele-_Cuore_-1.jpg","contentUrl":"https:\/\/lacasadelprosciutto.publifarm.com\/wp-content\/uploads\/2024\/07\/Trancio-di-Prosciutto-San-Daniele-_Cuore_-1.jpg","width":1500,"height":2250},{"@type":"BreadcrumbList","@id":"https:\/\/lacasadelprosciutto.publifarm.com\/fr\/product\/morceau-de-jambon-de-san-daniele-cuore\/#breadcrumb","itemListElement":[{"@type":"ListItem","position":1,"name":"Home","item":"https:\/\/lacasadelprosciutto.publifarm.com\/fr\/"},{"@type":"ListItem","position":2,"name":"Shop","item":"https:\/\/lacasadelprosciutto.publifarm.com\/shop\/"},{"@type":"ListItem","position":3,"name":"Morceau de jambon de San Daniele &#8220;Cuore&#8221;"}]},{"@type":"WebSite","@id":"https:\/\/lacasadelprosciutto.publifarm.com\/fr\/#website","url":"https:\/\/lacasadelprosciutto.publifarm.com\/fr\/","name":"La Casa del Prosciutto","description":"Alberti 1906","potentialAction":[{"@type":"SearchAction","target":{"@type":"EntryPoint","urlTemplate":"https:\/\/lacasadelprosciutto.publifarm.com\/fr\/?s={search_term_string}"},"query-input":{"@type":"PropertyValueSpecification","valueRequired":true,"valueName":"search_term_string"}}],"inLanguage":"fr-FR"}]}},"_links":{"self":[{"href":"https:\/\/lacasadelprosciutto.publifarm.com\/fr\/wp-json\/wp\/v2\/product\/2210","targetHints":{"allow":["GET"]}}],"collection":[{"href":"https:\/\/lacasadelprosciutto.publifarm.com\/fr\/wp-json\/wp\/v2\/product"}],"about":[{"href":"https:\/\/lacasadelprosciutto.publifarm.com\/fr\/wp-json\/wp\/v2\/types\/product"}],"wp:featuredmedia":[{"embeddable":true,"href":"https:\/\/lacasadelprosciutto.publifarm.com\/fr\/wp-json\/wp\/v2\/media\/4508"}],"wp:attachment":[{"href":"https:\/\/lacasadelprosciutto.publifarm.com\/fr\/wp-json\/wp\/v2\/media?parent=2210"}],"wp:term":[{"taxonomy":"product_brand","embeddable":true,"href":"https:\/\/lacasadelprosciutto.publifarm.com\/fr\/wp-json\/wp\/v2\/product_brand?post=2210"},{"taxonomy":"product_cat","embeddable":true,"href":"https:\/\/lacasadelprosciutto.publifarm.com\/fr\/wp-json\/wp\/v2\/product_cat?post=2210"},{"taxonomy":"product_tag","embeddable":true,"href":"https:\/\/lacasadelprosciutto.publifarm.com\/fr\/wp-json\/wp\/v2\/product_tag?post=2210"}],"curies":[{"name":"wp","href":"https:\/\/api.w.org\/{rel}","templated":true}]}}