{"id":1706,"date":"2024-05-29T11:40:33","date_gmt":"2024-05-29T09:40:33","guid":{"rendered":"http:\/\/localhost\/la-casa-del-prosciutto\/?page_id=1706"},"modified":"2024-09-20T10:51:40","modified_gmt":"2024-09-20T08:51:40","slug":"contact","status":"publish","type":"page","link":"https:\/\/lacasadelprosciutto.publifarm.com\/fr\/contact\/","title":{"rendered":"Contact"},"content":{"rendered":"\n<section class=\"wp-block-publifarm-columns section__page-hero\"><div class=\"container\"><div class=\"row justify-content-right\">\n<div class=\"wp-block-publifarm-column col-12 col-md-12 col-lg-8 col__txt\">\n<h1 class=\"wp-block-evidenzio-ev-title titolo_pb d-block h2 has-text-align-undefined\">Contacts<\/h1>\n\n\n\n<p>L&#8217;avatar de Marco est pr\u00eat \u00e0 r\u00e9pondre \u00e0 vos questions !<\/p>\n\n\n\n<p>S\u00e9lectionnez la langue et le sujet qui vous int\u00e9resse dans le menu ci-dessous et tapez votre question dans le chat.<\/p>\n\n\n\n<p>Il s&#8217;agit d&#8217;un avatar bas\u00e9 sur l&#8217;intelligence artificielle qui r\u00e9pond en fonction des informations que nous lui avons fournies, et il est en d\u00e9veloppement continu.<\/p>\n\n\n\n<p>Pour toute autre demande, envoyez un e-mail \u00e0 <a href=\"mailto:info@lacasadelprosciutto.com\">info@lacasadelprosciutto.com<\/a><\/p>\n\n\n\n<p>Pour les demandes urgentes, vous pouvez \u00e9galement envoyer un message WhatsApp au <a href=\"https:\/\/api.whatsapp.com\/send?phone=390432957422\" data-type=\"link\" data-id=\"https:\/\/api.whatsapp.com\/send?phone=390432957422\" target=\"_blank\" rel=\"noreferrer noopener\">+39 0432 957422<\/a><\/p>\n<\/div>\n<\/div><\/div><\/section>\n\n\n\n<div class=\"unity__wrapper\">\n    <div id=\"unity-container\" class=\"unity-desktop\">\n      <canvas id=\"unity-canvas\" width=960 height=600><\/canvas>\n        <div id=\"unity-loading-bar\">\n        <div id=\"unity-logo\"><\/div>\n        <div id=\"unity-progress-bar-empty\">\n        <div id=\"unity-progress-bar-full\"><\/div>\n        <\/div>\n      <\/div>\n      <div id=\"unity-warning\"> <\/div>\n      <div id=\"unity-footer\" style=\"display: none;\">\n          <div id=\"unity-webgl-logo\"><\/div>\n          <div id=\"unity-fullscreen-button\"><\/div>\n          <div id=\"unity-build-title\">Alberti 1906<\/div>\n      <\/div>\n    <\/div>\n<\/div>\n","protected":false},"excerpt":{"rendered":"<p>Alberti 1906<\/p>\n","protected":false},"author":1,"featured_media":0,"parent":0,"menu_order":3,"comment_status":"closed","ping_status":"closed","template":"template-contacts.php","meta":{"_acf_changed":false,"inline_featured_image":false,"footnotes":""},"class_list":["post-1706","page","type-page","status-publish","hentry"],"acf":[],"yoast_head":"<!-- This site is optimized with the Yoast SEO plugin v27.2 - https:\/\/yoast.com\/product\/yoast-seo-wordpress\/ -->\n<title>Contact - La Casa del Prosciutto<\/title>\n<meta name=\"robots\" content=\"index, follow, max-snippet:-1, max-image-preview:large, max-video-preview:-1\" \/>\n<link rel=\"canonical\" href=\"https:\/\/lacasadelprosciutto.publifarm.com\/fr\/contact\/\" \/>\n<meta property=\"og:locale\" content=\"fr_FR\" \/>\n<meta property=\"og:type\" content=\"article\" \/>\n<meta property=\"og:title\" content=\"Contact - La Casa del Prosciutto\" \/>\n<meta property=\"og:description\" content=\"Alberti 1906\" \/>\n<meta property=\"og:url\" content=\"https:\/\/lacasadelprosciutto.publifarm.com\/fr\/contact\/\" \/>\n<meta property=\"og:site_name\" content=\"La Casa del Prosciutto\" \/>\n<meta property=\"article:modified_time\" content=\"2024-09-20T08:51:40+00:00\" \/>\n<meta name=\"twitter:card\" content=\"summary_large_image\" \/>\n<meta name=\"twitter:label1\" content=\"Dur\u00e9e de lecture estim\u00e9e\" \/>\n\t<meta name=\"twitter:data1\" content=\"1 minute\" \/>\n<script type=\"application\/ld+json\" class=\"yoast-schema-graph\">{\"@context\":\"https:\/\/schema.org\",\"@graph\":[{\"@type\":\"WebPage\",\"@id\":\"https:\/\/lacasadelprosciutto.publifarm.com\/fr\/contact\/\",\"url\":\"https:\/\/lacasadelprosciutto.publifarm.com\/fr\/contact\/\",\"name\":\"Contact - La Casa del Prosciutto\",\"isPartOf\":{\"@id\":\"https:\/\/lacasadelprosciutto.publifarm.com\/fr\/#website\"},\"datePublished\":\"2024-05-29T09:40:33+00:00\",\"dateModified\":\"2024-09-20T08:51:40+00:00\",\"breadcrumb\":{\"@id\":\"https:\/\/lacasadelprosciutto.publifarm.com\/fr\/contact\/#breadcrumb\"},\"inLanguage\":\"fr-FR\",\"potentialAction\":[{\"@type\":\"ReadAction\",\"target\":[\"https:\/\/lacasadelprosciutto.publifarm.com\/fr\/contact\/\"]}]},{\"@type\":\"BreadcrumbList\",\"@id\":\"https:\/\/lacasadelprosciutto.publifarm.com\/fr\/contact\/#breadcrumb\",\"itemListElement\":[{\"@type\":\"ListItem\",\"position\":1,\"name\":\"Home\",\"item\":\"https:\/\/lacasadelprosciutto.publifarm.com\/fr\/\"},{\"@type\":\"ListItem\",\"position\":2,\"name\":\"Contact\"}]},{\"@type\":\"WebSite\",\"@id\":\"https:\/\/lacasadelprosciutto.publifarm.com\/fr\/#website\",\"url\":\"https:\/\/lacasadelprosciutto.publifarm.com\/fr\/\",\"name\":\"La Casa del Prosciutto\",\"description\":\"Alberti 1906\",\"potentialAction\":[{\"@type\":\"SearchAction\",\"target\":{\"@type\":\"EntryPoint\",\"urlTemplate\":\"https:\/\/lacasadelprosciutto.publifarm.com\/fr\/?s={search_term_string}\"},\"query-input\":{\"@type\":\"PropertyValueSpecification\",\"valueRequired\":true,\"valueName\":\"search_term_string\"}}],\"inLanguage\":\"fr-FR\"}]}<\/script>\n<!-- \/ Yoast SEO plugin. -->","yoast_head_json":{"title":"Contact - La Casa del Prosciutto","robots":{"index":"index","follow":"follow","max-snippet":"max-snippet:-1","max-image-preview":"max-image-preview:large","max-video-preview":"max-video-preview:-1"},"canonical":"https:\/\/lacasadelprosciutto.publifarm.com\/fr\/contact\/","og_locale":"fr_FR","og_type":"article","og_title":"Contact - La Casa del Prosciutto","og_description":"Alberti 1906","og_url":"https:\/\/lacasadelprosciutto.publifarm.com\/fr\/contact\/","og_site_name":"La Casa del Prosciutto","article_modified_time":"2024-09-20T08:51:40+00:00","twitter_card":"summary_large_image","twitter_misc":{"Dur\u00e9e de lecture estim\u00e9e":"1 minute"},"schema":{"@context":"https:\/\/schema.org","@graph":[{"@type":"WebPage","@id":"https:\/\/lacasadelprosciutto.publifarm.com\/fr\/contact\/","url":"https:\/\/lacasadelprosciutto.publifarm.com\/fr\/contact\/","name":"Contact - La Casa del Prosciutto","isPartOf":{"@id":"https:\/\/lacasadelprosciutto.publifarm.com\/fr\/#website"},"datePublished":"2024-05-29T09:40:33+00:00","dateModified":"2024-09-20T08:51:40+00:00","breadcrumb":{"@id":"https:\/\/lacasadelprosciutto.publifarm.com\/fr\/contact\/#breadcrumb"},"inLanguage":"fr-FR","potentialAction":[{"@type":"ReadAction","target":["https:\/\/lacasadelprosciutto.publifarm.com\/fr\/contact\/"]}]},{"@type":"BreadcrumbList","@id":"https:\/\/lacasadelprosciutto.publifarm.com\/fr\/contact\/#breadcrumb","itemListElement":[{"@type":"ListItem","position":1,"name":"Home","item":"https:\/\/lacasadelprosciutto.publifarm.com\/fr\/"},{"@type":"ListItem","position":2,"name":"Contact"}]},{"@type":"WebSite","@id":"https:\/\/lacasadelprosciutto.publifarm.com\/fr\/#website","url":"https:\/\/lacasadelprosciutto.publifarm.com\/fr\/","name":"La Casa del Prosciutto","description":"Alberti 1906","potentialAction":[{"@type":"SearchAction","target":{"@type":"EntryPoint","urlTemplate":"https:\/\/lacasadelprosciutto.publifarm.com\/fr\/?s={search_term_string}"},"query-input":{"@type":"PropertyValueSpecification","valueRequired":true,"valueName":"search_term_string"}}],"inLanguage":"fr-FR"}]}},"_links":{"self":[{"href":"https:\/\/lacasadelprosciutto.publifarm.com\/fr\/wp-json\/wp\/v2\/pages\/1706","targetHints":{"allow":["GET"]}}],"collection":[{"href":"https:\/\/lacasadelprosciutto.publifarm.com\/fr\/wp-json\/wp\/v2\/pages"}],"about":[{"href":"https:\/\/lacasadelprosciutto.publifarm.com\/fr\/wp-json\/wp\/v2\/types\/page"}],"author":[{"embeddable":true,"href":"https:\/\/lacasadelprosciutto.publifarm.com\/fr\/wp-json\/wp\/v2\/users\/1"}],"replies":[{"embeddable":true,"href":"https:\/\/lacasadelprosciutto.publifarm.com\/fr\/wp-json\/wp\/v2\/comments?post=1706"}],"version-history":[{"count":7,"href":"https:\/\/lacasadelprosciutto.publifarm.com\/fr\/wp-json\/wp\/v2\/pages\/1706\/revisions"}],"predecessor-version":[{"id":5299,"href":"https:\/\/lacasadelprosciutto.publifarm.com\/fr\/wp-json\/wp\/v2\/pages\/1706\/revisions\/5299"}],"wp:attachment":[{"href":"https:\/\/lacasadelprosciutto.publifarm.com\/fr\/wp-json\/wp\/v2\/media?parent=1706"}],"curies":[{"name":"wp","href":"https:\/\/api.w.org\/{rel}","templated":true}]}}