{"id":1657,"date":"2024-05-29T11:39:59","date_gmt":"2024-05-29T09:39:59","guid":{"rendered":"http:\/\/localhost\/la-casa-del-prosciutto\/visite-guidate\/"},"modified":"2025-04-28T18:31:34","modified_gmt":"2025-04-28T16:31:34","slug":"visites-guidees","status":"publish","type":"page","link":"https:\/\/lacasadelprosciutto.publifarm.com\/fr\/visites-guidees\/","title":{"rendered":"Visites guid\u00e9es"},"content":{"rendered":"\n<section class=\"wp-block-publifarm-columns section__page-hero\" id=\"visite__hero\"><div class=\"container\"><div class=\"row justify-content-right\">\n<div class=\"wp-block-publifarm-column col-12 col-md-12 col-lg-8 col__txt\">\n<h1 class=\"wp-block-evidenzio-ev-title titolo_pb d-block h2 has-text-align-undefined\">Vivez une exp\u00e9rience unique qui va bien au-del\u00e0 de la simple d\u00e9gustation de jambon.<\/h1>\n<\/div>\n<\/div><\/div><\/section>\n\n\n\n<section class=\"wp-block-publifarm-columns section__card has-link-color wp-elements-1f5bd11e7c1e1548b00abadb6151cb16\"><div class=\"container\"><div class=\"row\">\n<div class=\"wp-block-publifarm-column col-12 col-md-6 col-lg-6 col__txt\">\n<p class=\"wp-block-evidenzio-ev-title titolo_pb d-block h3 has-text-align-undefined\">Tous les samedis et dimanches, sur rendez-vous, nous vous emmenons \u00e0 la d\u00e9couverte de tous les secrets de notre savoir-faire artisanal.<\/p>\n\n\n\n<p class=\"wp-block-evidenzio-ev-title titolo_pb d-block h3 has-text-align-undefined\">La visite guid\u00e9e de la fabrique de jambon consiste en une explication d\u00e9taill\u00e9e de tous les processus, de la premi\u00e8re \u00e9tape au cours de laquelle les jambons sont laiss\u00e9s dans le sel, en passant par les p\u00e9riodes de repos, jusqu\u2019aux maturations finales au cours desquelles les jambons vieillissent au contact du microclimat particulier de San Daniele.<\/p>\n\n\n\n<div class=\"wp-block-buttons is-layout-flex wp-block-buttons-is-layout-flex\">\n<div class=\"wp-block-button has-custom-width wp-block-button__width-50 is-style-primary-button\"><a class=\"wp-block-button__link has-colore-tema-1-color has-text-color has-background has-link-color wp-element-button\" href=\"https:\/\/lacasadelprosciutto.myrestoo.net\/fr\/reservar\" style=\"background-color:#ffffff00\" target=\"_blank\" rel=\"https:\/\/lacasadelprosciutto.publifarm.com\/visita-e-degustazione\/ noreferrer noopener\">Reservez<\/a><\/div>\n<\/div>\n<\/div>\n\n\n\n<div class=\"wp-block-publifarm-column col-12 col-md-6 col-lg-6 col__img\">\n<figure class=\"wp-block-image size-large\"><img loading=\"lazy\" decoding=\"async\" width=\"1024\" height=\"858\" src=\"https:\/\/lacasadelprosciutto.publifarm.com\/wp-content\/uploads\/2024\/11\/Progetto-senza-titolo-8-1024x858.png\" alt=\"\" class=\"wp-image-5471\" srcset=\"https:\/\/lacasadelprosciutto.publifarm.com\/wp-content\/uploads\/2024\/11\/Progetto-senza-titolo-8-1024x858.png 1024w, https:\/\/lacasadelprosciutto.publifarm.com\/wp-content\/uploads\/2024\/11\/Progetto-senza-titolo-8-300x251.png 300w, https:\/\/lacasadelprosciutto.publifarm.com\/wp-content\/uploads\/2024\/11\/Progetto-senza-titolo-8-768x644.png 768w, https:\/\/lacasadelprosciutto.publifarm.com\/wp-content\/uploads\/2024\/11\/Progetto-senza-titolo-8-1536x1288.png 1536w, https:\/\/lacasadelprosciutto.publifarm.com\/wp-content\/uploads\/2024\/11\/Progetto-senza-titolo-8-2048x1717.png 2048w, https:\/\/lacasadelprosciutto.publifarm.com\/wp-content\/uploads\/2024\/11\/Progetto-senza-titolo-8-600x503.png 600w\" sizes=\"auto, (max-width: 1024px) 100vw, 1024px\" \/><\/figure>\n<\/div>\n<\/div><\/div><\/section>\n\n\n\n<section class=\"wp-block-publifarm-columns has-link-color wp-elements-07c87295bc629b93b4cdaa3015138a6b\" id=\"visite__prenota\"><div class=\"container\"><div class=\"row\">\n<div class=\"wp-block-publifarm-column col-12 col-md-6 col-lg-6 col__img\">\n<figure class=\"wp-block-image size-full\"><img loading=\"lazy\" decoding=\"async\" width=\"1887\" height=\"2537\" src=\"https:\/\/lacasadelprosciutto.publifarm.com\/wp-content\/uploads\/2024\/11\/Progetto-senza-titolo-1.png\" alt=\"\" class=\"wp-image-5475\" srcset=\"https:\/\/lacasadelprosciutto.publifarm.com\/wp-content\/uploads\/2024\/11\/Progetto-senza-titolo-1.png 1887w, https:\/\/lacasadelprosciutto.publifarm.com\/wp-content\/uploads\/2024\/11\/Progetto-senza-titolo-1-223x300.png 223w, https:\/\/lacasadelprosciutto.publifarm.com\/wp-content\/uploads\/2024\/11\/Progetto-senza-titolo-1-762x1024.png 762w, https:\/\/lacasadelprosciutto.publifarm.com\/wp-content\/uploads\/2024\/11\/Progetto-senza-titolo-1-768x1033.png 768w, https:\/\/lacasadelprosciutto.publifarm.com\/wp-content\/uploads\/2024\/11\/Progetto-senza-titolo-1-1142x1536.png 1142w, https:\/\/lacasadelprosciutto.publifarm.com\/wp-content\/uploads\/2024\/11\/Progetto-senza-titolo-1-1523x2048.png 1523w, https:\/\/lacasadelprosciutto.publifarm.com\/wp-content\/uploads\/2024\/11\/Progetto-senza-titolo-1-600x807.png 600w\" sizes=\"auto, (max-width: 1887px) 100vw, 1887px\" \/><\/figure>\n<\/div>\n\n\n\n<div class=\"wp-block-publifarm-column col-12 col-md-6 col-lg-6 col__txt\">\n<h3 class=\"wp-block-evidenzio-ev-title titolo_pb d-block h4 has-text-align-undefined\">La visite est exclusivement r\u00e9serv\u00e9e aux clients de notre Taverne historique. En effet, \u00e0 la fin, une table vous sera r\u00e9serv\u00e9e pour un d\u00e9jeuner \u00e0 base de jambon Alberti, avec de d\u00e9licieux accompagnements \u00e0 l\u2019huile, des fromages typiques du Frioul et d\u2019autres charcuteries locales.\u00a0<br>Le tout, bien s\u00fbr, accompagn\u00e9 d\u2019une s\u00e9lection des meilleurs vins locaux.<\/h3>\n\n\n\n<p class=\"wp-block-evidenzio-ev-title titolo_pb d-block h3 has-text-align-undefined\">La r\u00e9servation comprend \u00e0 la fois la visite guid\u00e9e et le d\u00e9jeuner qui s\u2019ensuivra.<\/p>\n\n\n\n<div class=\"wp-block-buttons is-layout-flex wp-block-buttons-is-layout-flex\">\n<div class=\"wp-block-button has-custom-width wp-block-button__width-100 is-style-secondary-button\"><a class=\"wp-block-button__link has-colore-tema-1-color has-text-color has-background has-link-color wp-element-button\" href=\"https:\/\/lacasadelprosciutto.myrestoo.net\/fr\/reservar\" style=\"background-color:#ffffff00\">RESERVEZ VOTRE EXPERIENCE<\/a><\/div>\n<\/div>\n<\/div>\n<\/div><\/div><\/section>\n\n\n\n<div id=\"visite__accordion\" class=\"wp-block-group accordion__list\"><div class=\"wp-block-group__inner-container is-layout-constrained wp-block-group-is-layout-constrained\">\n<div id=\"tab-1\" class=\"wp-block-group accordion__item show has-colore-tema-1-color has-text-color has-background has-link-color wp-elements-90d23045ba6b2c0020d29f08b67603ad\" style=\"background-color:#fff7b2\"><div class=\"wp-block-group__inner-container is-layout-constrained wp-block-group-is-layout-constrained\">\n<div class=\"wp-block-group accordion__header\"><div class=\"wp-block-group__inner-container is-layout-constrained wp-block-group-is-layout-constrained\">\n<div class=\"wp-block-buttons is-layout-flex wp-block-buttons-is-layout-flex\">\n<div class=\"wp-block-button accordion__btn\"><a class=\"wp-block-button__link has-colore-tema-1-color has-text-color has-background has-link-color wp-element-button\" style=\"background-color:#ffffff00\">DUR\u00c9E<\/a><\/div>\n<\/div>\n<\/div><\/div>\n\n\n\n<div class=\"wp-block-group accordion__body\"><div class=\"wp-block-group__inner-container is-layout-constrained wp-block-group-is-layout-constrained\">\n<section class=\"wp-block-publifarm-columns\"><div class=\"container-fluid\"><div class=\"row\">\n<div class=\"wp-block-publifarm-column col-9 col-md-9 col-lg-9\">\n<h3 class=\"wp-block-evidenzio-ev-title titolo_pb d-block h4 has-text-align-undefined accordion__title\">Environ 30 \u00e0 40 minutes<\/h3>\n<\/div>\n\n\n\n<div class=\"wp-block-publifarm-column col-3 col-md-3 col-lg-3\">\n<figure class=\"wp-block-image size-full\"><img decoding=\"async\" src=\"https:\/\/lacasadelprosciutto.publifarm.com\/wp-content\/uploads\/2024\/06\/icon-durata.svg\" alt=\"\" class=\"wp-image-1165\"\/><\/figure>\n<\/div>\n\n\n\n<div class=\"wp-block-publifarm-column col-12 col-md-12 col-lg\">\n<p class=\"wp-block-evidenzio-ev-title titolo_pb d-block h2 has-text-align-undefined accordion__text\">Tous les <strong>samedis<\/strong> et <strong>dimanches<\/strong> (et les jours f\u00e9ri\u00e9s), avec r\u00e9servation obligatoire.<\/p>\n<\/div>\n<\/div><\/div><\/section>\n<\/div><\/div>\n<\/div><\/div>\n\n\n\n<div id=\"tab-2\" class=\"wp-block-group accordion__item has-colore-tema-1-color has-text-color has-background has-link-color wp-elements-8f8c8d3d83f95a9c050d065f81033d57\" style=\"background-color:#f2eece\"><div class=\"wp-block-group__inner-container is-layout-constrained wp-block-group-is-layout-constrained\">\n<div class=\"wp-block-group accordion__header\"><div class=\"wp-block-group__inner-container is-layout-constrained wp-block-group-is-layout-constrained\">\n<div class=\"wp-block-buttons is-layout-flex wp-block-buttons-is-layout-flex\">\n<div class=\"wp-block-button accordion__btn\"><a class=\"wp-block-button__link has-colore-tema-1-color has-text-color has-background has-link-color wp-element-button\" style=\"background-color:#ffffff00\">CO\u00dbT<\/a><\/div>\n<\/div>\n<\/div><\/div>\n\n\n\n<div class=\"wp-block-group accordion__body\"><div class=\"wp-block-group__inner-container is-layout-constrained wp-block-group-is-layout-constrained\">\n<section class=\"wp-block-publifarm-columns\"><div class=\"container-fluid\"><div class=\"row\">\n<div class=\"wp-block-publifarm-column col-9 col-md-9 col-lg-9\">\n<h3 class=\"wp-block-evidenzio-ev-title titolo_pb d-block h4 has-text-align-undefined accordion__title\">La visite guid\u00e9e est gratuite, tandis que le co\u00fbt du d\u00e9jeuner est d\u2019environ 35 \u00e0 45 \u20ac par personne, en fonction de ce qui a \u00e9t\u00e9 command\u00e9 dans le menu \u00e0 la carte.<\/h3>\n<\/div>\n\n\n\n<div class=\"wp-block-publifarm-column col-3 col-md-3 col-lg-3\">\n<figure class=\"wp-block-image size-full\"><img decoding=\"async\" src=\"https:\/\/lacasadelprosciutto.publifarm.com\/wp-content\/uploads\/2024\/06\/icon-costo.svg\" alt=\"\" class=\"wp-image-1169\"\/><\/figure>\n<\/div>\n\n\n\n<div class=\"wp-block-publifarm-column col-12 col-md-12 col-lg\">\n<p class=\"wp-block-evidenzio-ev-title titolo_pb d-block h2 has-text-align-undefined accordion__text\">Il est \u00e9galement possible de demander un menu fixe en nous \u00e9crivant un courriel \u00e0 l\u2019adresse <a href=\"mailto:info@lacasadelprosciutto.com\">info@lacasadelprosciutto.com<\/a><\/p>\n<\/div>\n<\/div><\/div><\/section>\n<\/div><\/div>\n<\/div><\/div>\n\n\n\n<div id=\"tab-3\" class=\"wp-block-group accordion__item has-colore-tema-1-color has-colore-tema-5-background-color has-text-color has-background has-link-color wp-elements-1425e37a78d2bb0e2b2a8b001c230817\"><div class=\"wp-block-group__inner-container is-layout-constrained wp-block-group-is-layout-constrained\">\n<div class=\"wp-block-group accordion__header\"><div class=\"wp-block-group__inner-container is-layout-constrained wp-block-group-is-layout-constrained\">\n<div class=\"wp-block-buttons is-layout-flex wp-block-buttons-is-layout-flex\">\n<div class=\"wp-block-button accordion__btn\"><a class=\"wp-block-button__link has-colore-tema-1-color has-text-color has-background has-link-color wp-element-button\" style=\"background-color:#ffffff00\">PARKINGS<\/a><\/div>\n<\/div>\n<\/div><\/div>\n\n\n\n<div class=\"wp-block-group accordion__body\"><div class=\"wp-block-group__inner-container is-layout-constrained wp-block-group-is-layout-constrained\">\n<section class=\"wp-block-publifarm-columns\"><div class=\"container-fluid\"><div class=\"row\">\n<div class=\"wp-block-publifarm-column col-12 col-md-12 col-lg-12\">\n<div id=\"map\"><\/div>\n<\/div>\n<\/div><\/div><\/section>\n<\/div><\/div>\n<\/div><\/div>\n\n\n\n<div id=\"tab-4\" class=\"wp-block-group accordion__item has-colore-tema-1-color has-text-color has-background has-link-color wp-elements-00a9fff59eeb08b3be12b4a918a286fa\" style=\"background-color:#b9b7b5\"><div class=\"wp-block-group__inner-container is-layout-constrained wp-block-group-is-layout-constrained\">\n<div class=\"wp-block-group accordion__header\"><div class=\"wp-block-group__inner-container is-layout-constrained wp-block-group-is-layout-constrained\">\n<div class=\"wp-block-buttons is-layout-flex wp-block-buttons-is-layout-flex\">\n<div class=\"wp-block-button accordion__btn\"><a class=\"wp-block-button__link has-colore-tema-1-color has-text-color has-background has-link-color wp-element-button\" style=\"background-color:#ffffff00\">GROUPES<\/a><\/div>\n<\/div>\n<\/div><\/div>\n\n\n\n<div class=\"wp-block-group accordion__body\"><div class=\"wp-block-group__inner-container is-layout-constrained wp-block-group-is-layout-constrained\">\n<section class=\"wp-block-publifarm-columns\"><div class=\"container-fluid\"><div class=\"row\">\n<div class=\"wp-block-publifarm-column col-9 col-md-9 col-lg-9\">\n<h3 class=\"wp-block-evidenzio-ev-title titolo_pb d-block h4 has-text-align-undefined accordion__title\">Nous sommes \u00e9galement ravis de vous offrir la possibilit\u00e9 de r\u00e9server des visites guid\u00e9es pour les groupes nombreux.\u00a0<\/h3>\n<\/div>\n\n\n\n<div class=\"wp-block-publifarm-column col-3 col-md-3 col-lg-3\">\n<figure class=\"wp-block-image size-full\"><img decoding=\"async\" src=\"https:\/\/lacasadelprosciutto.publifarm.com\/wp-content\/uploads\/2024\/06\/icon-gruppi.svg\" alt=\"\" class=\"wp-image-1161\"\/><\/figure>\n<\/div>\n\n\n\n<div class=\"wp-block-publifarm-column col-12 col-md-12 col-lg\">\n<p class=\"wp-block-evidenzio-ev-title titolo_pb d-block h2 has-text-align-undefined accordion__text\">Si vous \u00eates un groupe de plus de 12 personnes et que vous souhaitez r\u00e9server une visite, il vous suffit de nous pr\u00e9venir au moins 30 jours \u00e0 l\u2019avance et nous organiserons une visite sur mesure pour vous, m\u00eame en semaine.<\/p>\n\n\n\n<p class=\"accordion__text\">Pour plus d\u2019informations et pour recevoir une offre personnalis\u00e9e, veuillez nous contacter par courrier \u00e9lectronique : <a href=\"mailto:info@lacasadelprosciutto.com\">info@lacasadelprosciutto.com<\/a><\/p>\n<\/div>\n<\/div><\/div><\/section>\n<\/div><\/div>\n<\/div><\/div>\n<\/div><\/div>\n\n\n\n<section class=\"wp-block-publifarm-columns section__banner-cta has-background has-colore-tema-5-background-color\"><div class=\"container\"><div class=\"row\">\n<div class=\"wp-block-publifarm-column col-8 col-md-8 col-lg-8\">\n<span class=\"wp-block-evidenzio-ev-title titolo_pb d-block h5 has-text-align-undefined has-colore-tema-1-color has-text-color has-link-color wp-elements-d2b4e5a3ec7d1b632e756ca64838de68\">360\u00b0 virtual tour <\/span>\n<\/div>\n\n\n\n<div class=\"wp-block-publifarm-column col-4 col-md-4 col-lg-4\">\n<div class=\"wp-block-buttons is-layout-flex wp-block-buttons-is-layout-flex\">\n<div class=\"wp-block-button has-custom-width wp-block-button__width-100 is-style-secondary-button\"><a class=\"wp-block-button__link has-colore-tema-1-color has-text-color has-background has-link-color wp-element-button\" href=\"https:\/\/www.google.com\/maps\/@46.1573527,13.0096458,3a,90y,217.77h,88.55t\/data=!3m8!1e1!3m6!1sAF1QipNTt89zbc7mCnNqu_yFZdD1RBFgM-yKr1at7yoX!2e10!3e12!6shttps:%2F%2Flh3.googleusercontent.com%2Fp%2FAF1QipNTt89zbc7mCnNqu_yFZdD1RBFgM-yKr1at7yoX%3Dw900-h600-k-no-pi1.4500000000000028-ya353.77-ro0-fo100!7i9000!8i4500?entry=ttu&amp;g_ep=EgoyMDI1MDEyOS4xIKXMDSoASAFQAw%3D%3D\" style=\"background-color:#ffffff00\" rel=\"#\">Tour<\/a><\/div>\n<\/div>\n<\/div>\n<\/div><\/div><\/section>\n\n\n\n<section class=\"wp-block-publifarm-columns section__banner-cta has-background bicolor has-colore-tema-6-color has-colore-tema-3-background-color has-text-color has-link-color wp-elements-199de2ba83698d2c4c574feafa24d5e9\" id=\"visite__regala\"><div class=\"container\"><div class=\"row\">\n<div class=\"wp-block-publifarm-column col-8 col-md-8 col-lg-8\">\n<span class=\"wp-block-evidenzio-ev-title titolo_pb d-block h5 has-text-align-undefined has-colore-tema-6-color has-text-color has-link-color wp-elements-4496c2a180818ce6a2479ed3ee659392\">Offrez cette exp\u00e9rience!<\/span>\n<\/div>\n\n\n\n<div class=\"wp-block-publifarm-column col-4 col-md-4 col-lg-4 has-colore-tema-6-background-color has-background\">\n<div class=\"wp-block-buttons is-layout-flex wp-block-buttons-is-layout-flex\">\n<div class=\"wp-block-button has-custom-width wp-block-button__width-100 is-style-primary-button\"><a class=\"wp-block-button__link has-colore-tema-1-color has-colore-tema-6-background-color has-text-color has-background has-link-color wp-element-button\" href=\"https:\/\/lacasadelprosciutto.myrestoo.net\/fr\/tienda\/voucher-E4D790\" target=\"_blank\" rel=\"# noreferrer noopener\">COUPON CADEAU<\/a><\/div>\n<\/div>\n<\/div>\n<\/div><\/div><\/section>\n\n\n\n<section class=\"wp-block-publifarm-columns video__section\"><div class=\"container-fluid\"><div class=\"row\">\n<div class=\"wp-block-publifarm-column col-12 col-md-12 col-lg\"><section id=\"block_2b8921e936666a0e646bb022a757aa5a\">\n\t\t\t\t\t\t\t\t\t\t\t\t<\/section>\n<\/div>\n<\/div><\/div><\/section>\n","protected":false},"excerpt":{"rendered":"","protected":false},"author":1,"featured_media":0,"parent":0,"menu_order":6,"comment_status":"closed","ping_status":"closed","template":"","meta":{"_acf_changed":false,"inline_featured_image":false,"footnotes":""},"class_list":["post-1657","page","type-page","status-publish","hentry"],"acf":[],"yoast_head":"<!-- This site is optimized with the Yoast SEO plugin v27.2 - https:\/\/yoast.com\/product\/yoast-seo-wordpress\/ -->\n<title>Visites guid\u00e9es - La Casa del Prosciutto<\/title>\n<meta name=\"robots\" content=\"index, follow, max-snippet:-1, max-image-preview:large, max-video-preview:-1\" \/>\n<link rel=\"canonical\" href=\"https:\/\/lacasadelprosciutto.publifarm.com\/fr\/visites-guidees\/\" \/>\n<meta property=\"og:locale\" content=\"fr_FR\" \/>\n<meta property=\"og:type\" content=\"article\" \/>\n<meta property=\"og:title\" content=\"Visites guid\u00e9es - La Casa del Prosciutto\" \/>\n<meta property=\"og:url\" content=\"https:\/\/lacasadelprosciutto.publifarm.com\/fr\/visites-guidees\/\" \/>\n<meta property=\"og:site_name\" content=\"La Casa del Prosciutto\" \/>\n<meta property=\"article:modified_time\" content=\"2025-04-28T16:31:34+00:00\" \/>\n<meta property=\"og:image\" content=\"https:\/\/lacasadelprosciutto.publifarm.com\/wp-content\/uploads\/2024\/11\/Progetto-senza-titolo-8-1024x858.png\" \/>\n<meta name=\"twitter:card\" content=\"summary_large_image\" \/>\n<meta name=\"twitter:label1\" content=\"Dur\u00e9e de lecture estim\u00e9e\" \/>\n\t<meta name=\"twitter:data1\" content=\"3 minutes\" \/>\n<script type=\"application\/ld+json\" class=\"yoast-schema-graph\">{\"@context\":\"https:\/\/schema.org\",\"@graph\":[{\"@type\":\"WebPage\",\"@id\":\"https:\/\/lacasadelprosciutto.publifarm.com\/fr\/visites-guidees\/\",\"url\":\"https:\/\/lacasadelprosciutto.publifarm.com\/fr\/visites-guidees\/\",\"name\":\"Visites guid\u00e9es - La Casa del Prosciutto\",\"isPartOf\":{\"@id\":\"https:\/\/lacasadelprosciutto.publifarm.com\/fr\/#website\"},\"primaryImageOfPage\":{\"@id\":\"https:\/\/lacasadelprosciutto.publifarm.com\/fr\/visites-guidees\/#primaryimage\"},\"image\":{\"@id\":\"https:\/\/lacasadelprosciutto.publifarm.com\/fr\/visites-guidees\/#primaryimage\"},\"thumbnailUrl\":\"https:\/\/lacasadelprosciutto.publifarm.com\/wp-content\/uploads\/2024\/11\/Progetto-senza-titolo-8-1024x858.png\",\"datePublished\":\"2024-05-29T09:39:59+00:00\",\"dateModified\":\"2025-04-28T16:31:34+00:00\",\"breadcrumb\":{\"@id\":\"https:\/\/lacasadelprosciutto.publifarm.com\/fr\/visites-guidees\/#breadcrumb\"},\"inLanguage\":\"fr-FR\",\"potentialAction\":[{\"@type\":\"ReadAction\",\"target\":[\"https:\/\/lacasadelprosciutto.publifarm.com\/fr\/visites-guidees\/\"]}]},{\"@type\":\"ImageObject\",\"inLanguage\":\"fr-FR\",\"@id\":\"https:\/\/lacasadelprosciutto.publifarm.com\/fr\/visites-guidees\/#primaryimage\",\"url\":\"https:\/\/lacasadelprosciutto.publifarm.com\/wp-content\/uploads\/2024\/11\/Progetto-senza-titolo-8-1024x858.png\",\"contentUrl\":\"https:\/\/lacasadelprosciutto.publifarm.com\/wp-content\/uploads\/2024\/11\/Progetto-senza-titolo-8-1024x858.png\"},{\"@type\":\"BreadcrumbList\",\"@id\":\"https:\/\/lacasadelprosciutto.publifarm.com\/fr\/visites-guidees\/#breadcrumb\",\"itemListElement\":[{\"@type\":\"ListItem\",\"position\":1,\"name\":\"Home\",\"item\":\"https:\/\/lacasadelprosciutto.publifarm.com\/fr\/\"},{\"@type\":\"ListItem\",\"position\":2,\"name\":\"Visites guid\u00e9es\"}]},{\"@type\":\"WebSite\",\"@id\":\"https:\/\/lacasadelprosciutto.publifarm.com\/fr\/#website\",\"url\":\"https:\/\/lacasadelprosciutto.publifarm.com\/fr\/\",\"name\":\"La Casa del Prosciutto\",\"description\":\"Alberti 1906\",\"potentialAction\":[{\"@type\":\"SearchAction\",\"target\":{\"@type\":\"EntryPoint\",\"urlTemplate\":\"https:\/\/lacasadelprosciutto.publifarm.com\/fr\/?s={search_term_string}\"},\"query-input\":{\"@type\":\"PropertyValueSpecification\",\"valueRequired\":true,\"valueName\":\"search_term_string\"}}],\"inLanguage\":\"fr-FR\"}]}<\/script>\n<!-- \/ Yoast SEO plugin. -->","yoast_head_json":{"title":"Visites guid\u00e9es - La Casa del Prosciutto","robots":{"index":"index","follow":"follow","max-snippet":"max-snippet:-1","max-image-preview":"max-image-preview:large","max-video-preview":"max-video-preview:-1"},"canonical":"https:\/\/lacasadelprosciutto.publifarm.com\/fr\/visites-guidees\/","og_locale":"fr_FR","og_type":"article","og_title":"Visites guid\u00e9es - La Casa del Prosciutto","og_url":"https:\/\/lacasadelprosciutto.publifarm.com\/fr\/visites-guidees\/","og_site_name":"La Casa del Prosciutto","article_modified_time":"2025-04-28T16:31:34+00:00","og_image":[{"url":"https:\/\/lacasadelprosciutto.publifarm.com\/wp-content\/uploads\/2024\/11\/Progetto-senza-titolo-8-1024x858.png","type":"","width":"","height":""}],"twitter_card":"summary_large_image","twitter_misc":{"Dur\u00e9e de lecture estim\u00e9e":"3 minutes"},"schema":{"@context":"https:\/\/schema.org","@graph":[{"@type":"WebPage","@id":"https:\/\/lacasadelprosciutto.publifarm.com\/fr\/visites-guidees\/","url":"https:\/\/lacasadelprosciutto.publifarm.com\/fr\/visites-guidees\/","name":"Visites guid\u00e9es - La Casa del Prosciutto","isPartOf":{"@id":"https:\/\/lacasadelprosciutto.publifarm.com\/fr\/#website"},"primaryImageOfPage":{"@id":"https:\/\/lacasadelprosciutto.publifarm.com\/fr\/visites-guidees\/#primaryimage"},"image":{"@id":"https:\/\/lacasadelprosciutto.publifarm.com\/fr\/visites-guidees\/#primaryimage"},"thumbnailUrl":"https:\/\/lacasadelprosciutto.publifarm.com\/wp-content\/uploads\/2024\/11\/Progetto-senza-titolo-8-1024x858.png","datePublished":"2024-05-29T09:39:59+00:00","dateModified":"2025-04-28T16:31:34+00:00","breadcrumb":{"@id":"https:\/\/lacasadelprosciutto.publifarm.com\/fr\/visites-guidees\/#breadcrumb"},"inLanguage":"fr-FR","potentialAction":[{"@type":"ReadAction","target":["https:\/\/lacasadelprosciutto.publifarm.com\/fr\/visites-guidees\/"]}]},{"@type":"ImageObject","inLanguage":"fr-FR","@id":"https:\/\/lacasadelprosciutto.publifarm.com\/fr\/visites-guidees\/#primaryimage","url":"https:\/\/lacasadelprosciutto.publifarm.com\/wp-content\/uploads\/2024\/11\/Progetto-senza-titolo-8-1024x858.png","contentUrl":"https:\/\/lacasadelprosciutto.publifarm.com\/wp-content\/uploads\/2024\/11\/Progetto-senza-titolo-8-1024x858.png"},{"@type":"BreadcrumbList","@id":"https:\/\/lacasadelprosciutto.publifarm.com\/fr\/visites-guidees\/#breadcrumb","itemListElement":[{"@type":"ListItem","position":1,"name":"Home","item":"https:\/\/lacasadelprosciutto.publifarm.com\/fr\/"},{"@type":"ListItem","position":2,"name":"Visites guid\u00e9es"}]},{"@type":"WebSite","@id":"https:\/\/lacasadelprosciutto.publifarm.com\/fr\/#website","url":"https:\/\/lacasadelprosciutto.publifarm.com\/fr\/","name":"La Casa del Prosciutto","description":"Alberti 1906","potentialAction":[{"@type":"SearchAction","target":{"@type":"EntryPoint","urlTemplate":"https:\/\/lacasadelprosciutto.publifarm.com\/fr\/?s={search_term_string}"},"query-input":{"@type":"PropertyValueSpecification","valueRequired":true,"valueName":"search_term_string"}}],"inLanguage":"fr-FR"}]}},"_links":{"self":[{"href":"https:\/\/lacasadelprosciutto.publifarm.com\/fr\/wp-json\/wp\/v2\/pages\/1657","targetHints":{"allow":["GET"]}}],"collection":[{"href":"https:\/\/lacasadelprosciutto.publifarm.com\/fr\/wp-json\/wp\/v2\/pages"}],"about":[{"href":"https:\/\/lacasadelprosciutto.publifarm.com\/fr\/wp-json\/wp\/v2\/types\/page"}],"author":[{"embeddable":true,"href":"https:\/\/lacasadelprosciutto.publifarm.com\/fr\/wp-json\/wp\/v2\/users\/1"}],"replies":[{"embeddable":true,"href":"https:\/\/lacasadelprosciutto.publifarm.com\/fr\/wp-json\/wp\/v2\/comments?post=1657"}],"version-history":[{"count":4,"href":"https:\/\/lacasadelprosciutto.publifarm.com\/fr\/wp-json\/wp\/v2\/pages\/1657\/revisions"}],"predecessor-version":[{"id":6510,"href":"https:\/\/lacasadelprosciutto.publifarm.com\/fr\/wp-json\/wp\/v2\/pages\/1657\/revisions\/6510"}],"wp:attachment":[{"href":"https:\/\/lacasadelprosciutto.publifarm.com\/fr\/wp-json\/wp\/v2\/media?parent=1657"}],"curies":[{"name":"wp","href":"https:\/\/api.w.org\/{rel}","templated":true}]}}