{"id":4250,"date":"2020-06-23T14:28:20","date_gmt":"2020-06-23T12:28:20","guid":{"rendered":"http:\/\/localhost\/la-casa-del-prosciutto\/product\/trancio-di-prosciutto-stinco\/"},"modified":"2024-09-27T11:27:13","modified_gmt":"2024-09-27T09:27:13","slug":"stuck-san-daniele-stinco","status":"publish","type":"product","link":"https:\/\/lacasadelprosciutto.publifarm.com\/de\/product\/stuck-san-daniele-stinco\/","title":{"rendered":"St\u00fcck San Daniele-Schinken Stinco"},"content":{"rendered":"<h3>Zutaten<\/h3>\n<p>Italienische Schweinekeule, Meersalz. Ohne Allergene, Zusatz- Konservierungs- und Farbstoffe ,Glutenfrei<\/p>\n<h3>Konservierungsmethoden<\/h3>\n<p>Im K\u00fchlschrank lagern (zwischen +1\u00b0C und +7\u00b0C) und den Schinken nach dem Herausnehmen aus der Schutzh\u00fclle mit einem trockenen Baumwolltuch abdecken.<\/p>\n<h3>Haltbarkeit<\/h3>\n<p>Vakuumverpackt: 4 Monate<br \/>\nAb dem ersten Anschnitt: 1 Monat<\/p>\n<h3>Kuriosit\u00e4t<\/h3>\n<p>Bei den mikroskopisch kleinen K\u00f6rnchen, die manchmal in der Mitte des mageren Teils zu finden sind, handelt es sich nicht um Salzk\u00f6rner, sondern um einfache Tyrosinkristalle, eine nat\u00fcrliche Substanz, die durch die Alterung von Proteinen entsteht und ein Beweis f\u00fcr eine l\u00e4ngere Reifung ist.<\/p>\n","protected":false},"excerpt":{"rendered":"<p>Die Stelze ist der Teil mit der geringsten Salzaufnahme w\u00e4hrend der Verarbeitung.<\/p>\n","protected":false},"featured_media":4525,"template":"","meta":{"_acf_changed":false,"inline_featured_image":false},"product_brand":[],"product_cat":[102],"product_tag":[],"class_list":{"0":"post-4250","1":"product","2":"type-product","3":"status-publish","4":"has-post-thumbnail","6":"product_cat-knochenloser-schinken","7":"pa_peso-1_9_2_1kg","9":"first","10":"instock","11":"taxable","12":"shipping-taxable","13":"purchasable","14":"product-type-simple"},"acf":[],"yoast_head":"<!-- This site is optimized with the Yoast SEO plugin v27.2 - https:\/\/yoast.com\/product\/yoast-seo-wordpress\/ -->\n<title>St\u00fcck San Daniele-Schinken Stinco - La Casa del Prosciutto<\/title>\n<meta name=\"robots\" content=\"index, follow, max-snippet:-1, max-image-preview:large, max-video-preview:-1\" \/>\n<link rel=\"canonical\" href=\"https:\/\/lacasadelprosciutto.publifarm.com\/de\/product\/stuck-san-daniele-stinco\/\" \/>\n<meta property=\"og:locale\" content=\"de_DE\" \/>\n<meta property=\"og:type\" content=\"article\" \/>\n<meta property=\"og:title\" content=\"St\u00fcck San Daniele-Schinken Stinco - La Casa del Prosciutto\" \/>\n<meta property=\"og:description\" content=\"Die Stelze ist der Teil mit der geringsten Salzaufnahme w\u00e4hrend der Verarbeitung.\" \/>\n<meta property=\"og:url\" content=\"https:\/\/lacasadelprosciutto.publifarm.com\/de\/product\/stuck-san-daniele-stinco\/\" \/>\n<meta property=\"og:site_name\" content=\"La Casa del Prosciutto\" \/>\n<meta property=\"article:modified_time\" content=\"2024-09-27T09:27:13+00:00\" \/>\n<meta property=\"og:image\" content=\"https:\/\/lacasadelprosciutto.publifarm.com\/wp-content\/uploads\/2024\/07\/Trancio-di-Prosciutto-San-Daniele-_Stinco_-1.jpg\" \/>\n\t<meta property=\"og:image:width\" content=\"1500\" \/>\n\t<meta property=\"og:image:height\" content=\"2250\" \/>\n\t<meta property=\"og:image:type\" content=\"image\/jpeg\" \/>\n<meta name=\"twitter:card\" content=\"summary_large_image\" \/>\n<meta name=\"twitter:label1\" content=\"Gesch\u00e4tzte Lesezeit\" \/>\n\t<meta name=\"twitter:data1\" content=\"1 minute\" \/>\n<script type=\"application\/ld+json\" class=\"yoast-schema-graph\">{\"@context\":\"https:\/\/schema.org\",\"@graph\":[{\"@type\":\"WebPage\",\"@id\":\"https:\/\/lacasadelprosciutto.publifarm.com\/de\/product\/stuck-san-daniele-stinco\/\",\"url\":\"https:\/\/lacasadelprosciutto.publifarm.com\/de\/product\/stuck-san-daniele-stinco\/\",\"name\":\"St\u00fcck San Daniele-Schinken Stinco - La Casa del Prosciutto\",\"isPartOf\":{\"@id\":\"https:\/\/lacasadelprosciutto.publifarm.com\/de\/#website\"},\"primaryImageOfPage\":{\"@id\":\"https:\/\/lacasadelprosciutto.publifarm.com\/de\/product\/stuck-san-daniele-stinco\/#primaryimage\"},\"image\":{\"@id\":\"https:\/\/lacasadelprosciutto.publifarm.com\/de\/product\/stuck-san-daniele-stinco\/#primaryimage\"},\"thumbnailUrl\":\"https:\/\/lacasadelprosciutto.publifarm.com\/wp-content\/uploads\/2024\/07\/Trancio-di-Prosciutto-San-Daniele-_Stinco_-1.jpg\",\"datePublished\":\"2020-06-23T12:28:20+00:00\",\"dateModified\":\"2024-09-27T09:27:13+00:00\",\"breadcrumb\":{\"@id\":\"https:\/\/lacasadelprosciutto.publifarm.com\/de\/product\/stuck-san-daniele-stinco\/#breadcrumb\"},\"inLanguage\":\"de-DE\",\"potentialAction\":[{\"@type\":\"ReadAction\",\"target\":[\"https:\/\/lacasadelprosciutto.publifarm.com\/de\/product\/stuck-san-daniele-stinco\/\"]}]},{\"@type\":\"ImageObject\",\"inLanguage\":\"de-DE\",\"@id\":\"https:\/\/lacasadelprosciutto.publifarm.com\/de\/product\/stuck-san-daniele-stinco\/#primaryimage\",\"url\":\"https:\/\/lacasadelprosciutto.publifarm.com\/wp-content\/uploads\/2024\/07\/Trancio-di-Prosciutto-San-Daniele-_Stinco_-1.jpg\",\"contentUrl\":\"https:\/\/lacasadelprosciutto.publifarm.com\/wp-content\/uploads\/2024\/07\/Trancio-di-Prosciutto-San-Daniele-_Stinco_-1.jpg\",\"width\":1500,\"height\":2250},{\"@type\":\"BreadcrumbList\",\"@id\":\"https:\/\/lacasadelprosciutto.publifarm.com\/de\/product\/stuck-san-daniele-stinco\/#breadcrumb\",\"itemListElement\":[{\"@type\":\"ListItem\",\"position\":1,\"name\":\"Home\",\"item\":\"https:\/\/lacasadelprosciutto.publifarm.com\/de\/\"},{\"@type\":\"ListItem\",\"position\":2,\"name\":\"Shop\",\"item\":\"https:\/\/lacasadelprosciutto.publifarm.com\/shop\/\"},{\"@type\":\"ListItem\",\"position\":3,\"name\":\"St\u00fcck San Daniele-Schinken Stinco\"}]},{\"@type\":\"WebSite\",\"@id\":\"https:\/\/lacasadelprosciutto.publifarm.com\/de\/#website\",\"url\":\"https:\/\/lacasadelprosciutto.publifarm.com\/de\/\",\"name\":\"La Casa del Prosciutto\",\"description\":\"Alberti 1906\",\"potentialAction\":[{\"@type\":\"SearchAction\",\"target\":{\"@type\":\"EntryPoint\",\"urlTemplate\":\"https:\/\/lacasadelprosciutto.publifarm.com\/de\/?s={search_term_string}\"},\"query-input\":{\"@type\":\"PropertyValueSpecification\",\"valueRequired\":true,\"valueName\":\"search_term_string\"}}],\"inLanguage\":\"de-DE\"}]}<\/script>\n<!-- \/ Yoast SEO plugin. -->","yoast_head_json":{"title":"St\u00fcck San Daniele-Schinken Stinco - La Casa del Prosciutto","robots":{"index":"index","follow":"follow","max-snippet":"max-snippet:-1","max-image-preview":"max-image-preview:large","max-video-preview":"max-video-preview:-1"},"canonical":"https:\/\/lacasadelprosciutto.publifarm.com\/de\/product\/stuck-san-daniele-stinco\/","og_locale":"de_DE","og_type":"article","og_title":"St\u00fcck San Daniele-Schinken Stinco - La Casa del Prosciutto","og_description":"Die Stelze ist der Teil mit der geringsten Salzaufnahme w\u00e4hrend der Verarbeitung.","og_url":"https:\/\/lacasadelprosciutto.publifarm.com\/de\/product\/stuck-san-daniele-stinco\/","og_site_name":"La Casa del Prosciutto","article_modified_time":"2024-09-27T09:27:13+00:00","og_image":[{"width":1500,"height":2250,"url":"https:\/\/lacasadelprosciutto.publifarm.com\/wp-content\/uploads\/2024\/07\/Trancio-di-Prosciutto-San-Daniele-_Stinco_-1.jpg","type":"image\/jpeg"}],"twitter_card":"summary_large_image","twitter_misc":{"Gesch\u00e4tzte Lesezeit":"1 minute"},"schema":{"@context":"https:\/\/schema.org","@graph":[{"@type":"WebPage","@id":"https:\/\/lacasadelprosciutto.publifarm.com\/de\/product\/stuck-san-daniele-stinco\/","url":"https:\/\/lacasadelprosciutto.publifarm.com\/de\/product\/stuck-san-daniele-stinco\/","name":"St\u00fcck San Daniele-Schinken Stinco - La Casa del Prosciutto","isPartOf":{"@id":"https:\/\/lacasadelprosciutto.publifarm.com\/de\/#website"},"primaryImageOfPage":{"@id":"https:\/\/lacasadelprosciutto.publifarm.com\/de\/product\/stuck-san-daniele-stinco\/#primaryimage"},"image":{"@id":"https:\/\/lacasadelprosciutto.publifarm.com\/de\/product\/stuck-san-daniele-stinco\/#primaryimage"},"thumbnailUrl":"https:\/\/lacasadelprosciutto.publifarm.com\/wp-content\/uploads\/2024\/07\/Trancio-di-Prosciutto-San-Daniele-_Stinco_-1.jpg","datePublished":"2020-06-23T12:28:20+00:00","dateModified":"2024-09-27T09:27:13+00:00","breadcrumb":{"@id":"https:\/\/lacasadelprosciutto.publifarm.com\/de\/product\/stuck-san-daniele-stinco\/#breadcrumb"},"inLanguage":"de-DE","potentialAction":[{"@type":"ReadAction","target":["https:\/\/lacasadelprosciutto.publifarm.com\/de\/product\/stuck-san-daniele-stinco\/"]}]},{"@type":"ImageObject","inLanguage":"de-DE","@id":"https:\/\/lacasadelprosciutto.publifarm.com\/de\/product\/stuck-san-daniele-stinco\/#primaryimage","url":"https:\/\/lacasadelprosciutto.publifarm.com\/wp-content\/uploads\/2024\/07\/Trancio-di-Prosciutto-San-Daniele-_Stinco_-1.jpg","contentUrl":"https:\/\/lacasadelprosciutto.publifarm.com\/wp-content\/uploads\/2024\/07\/Trancio-di-Prosciutto-San-Daniele-_Stinco_-1.jpg","width":1500,"height":2250},{"@type":"BreadcrumbList","@id":"https:\/\/lacasadelprosciutto.publifarm.com\/de\/product\/stuck-san-daniele-stinco\/#breadcrumb","itemListElement":[{"@type":"ListItem","position":1,"name":"Home","item":"https:\/\/lacasadelprosciutto.publifarm.com\/de\/"},{"@type":"ListItem","position":2,"name":"Shop","item":"https:\/\/lacasadelprosciutto.publifarm.com\/shop\/"},{"@type":"ListItem","position":3,"name":"St\u00fcck San Daniele-Schinken Stinco"}]},{"@type":"WebSite","@id":"https:\/\/lacasadelprosciutto.publifarm.com\/de\/#website","url":"https:\/\/lacasadelprosciutto.publifarm.com\/de\/","name":"La Casa del Prosciutto","description":"Alberti 1906","potentialAction":[{"@type":"SearchAction","target":{"@type":"EntryPoint","urlTemplate":"https:\/\/lacasadelprosciutto.publifarm.com\/de\/?s={search_term_string}"},"query-input":{"@type":"PropertyValueSpecification","valueRequired":true,"valueName":"search_term_string"}}],"inLanguage":"de-DE"}]}},"_links":{"self":[{"href":"https:\/\/lacasadelprosciutto.publifarm.com\/de\/wp-json\/wp\/v2\/product\/4250","targetHints":{"allow":["GET"]}}],"collection":[{"href":"https:\/\/lacasadelprosciutto.publifarm.com\/de\/wp-json\/wp\/v2\/product"}],"about":[{"href":"https:\/\/lacasadelprosciutto.publifarm.com\/de\/wp-json\/wp\/v2\/types\/product"}],"wp:featuredmedia":[{"embeddable":true,"href":"https:\/\/lacasadelprosciutto.publifarm.com\/de\/wp-json\/wp\/v2\/media\/4525"}],"wp:attachment":[{"href":"https:\/\/lacasadelprosciutto.publifarm.com\/de\/wp-json\/wp\/v2\/media?parent=4250"}],"wp:term":[{"taxonomy":"product_brand","embeddable":true,"href":"https:\/\/lacasadelprosciutto.publifarm.com\/de\/wp-json\/wp\/v2\/product_brand?post=4250"},{"taxonomy":"product_cat","embeddable":true,"href":"https:\/\/lacasadelprosciutto.publifarm.com\/de\/wp-json\/wp\/v2\/product_cat?post=4250"},{"taxonomy":"product_tag","embeddable":true,"href":"https:\/\/lacasadelprosciutto.publifarm.com\/de\/wp-json\/wp\/v2\/product_tag?post=4250"}],"curies":[{"name":"wp","href":"https:\/\/api.w.org\/{rel}","templated":true}]}}