{"id":2307,"date":"2024-07-18T12:46:44","date_gmt":"2024-07-18T10:46:44","guid":{"rendered":"http:\/\/localhost\/la-casa-del-prosciutto\/product\/osso-di-cavallo\/"},"modified":"2024-07-26T14:12:43","modified_gmt":"2024-07-26T12:12:43","slug":"pferdeknochen","status":"publish","type":"product","link":"https:\/\/lacasadelprosciutto.publifarm.com\/de\/product\/pferdeknochen\/","title":{"rendered":"Pferdeknochen"},"content":{"rendered":"<p>Das unverzichtbare Zubeh\u00f6r, um die G\u00fcte eines ganzen Schinkens mit Knochen zu beurteilen!<\/p>\n<p>Dabei handelt es sich um einen aus dem Oberschenkelknochen des Pferdes gewonnenen Knochen, mit dem die\u00a0 \u201ePuntatura\u201c durchgef\u00fchrt wird, eine Geruchsanalyse, die darin besteht, diesen Knochen an den kritischen Stellen des Schinkens einzustechen, wo es aufgrund falscher Trocknung zu Problemen kommen k\u00f6nnte.<\/p>\n<p>Dieses Zubeh\u00f6r ist von grundlegender Bedeutung, da es sich um einen por\u00f6sen Knochen handelt, der die Aromen nur wenige Sekunden lang speichert und so eine pr\u00e4zise Analyse erm\u00f6glicht wird, ohne dass die n\u00e4chsten Schinken durch die nachfolgende\u00a0 \u201cPuntatura\u201d nicht kontaminiert\u00a0 werden.\u00a0<\/p>\n<p>Der Geruchstest wird vom Gesundheitsinspektor bei allen Schinken vor dem Brandmarken durchgef\u00fchrt. Aber ab heute k\u00f6nnen Sie auch den Duft Ihres Alberti-Schinkens beurteilen!<\/p>\n","protected":false},"excerpt":{"rendered":"<p><span style=\"font-weight: 400;\">Das unverzichtbare Zubeh\u00f6r, um die G\u00fcte eines ganzen Schinkens mit Knochen zu beurteilen!<\/span><\/p>\n","protected":false},"featured_media":4541,"template":"","meta":{"_acf_changed":false,"inline_featured_image":false},"product_brand":[],"product_cat":[117],"product_tag":[],"class_list":{"0":"post-2307","1":"product","2":"type-product","3":"status-publish","4":"has-post-thumbnail","6":"product_cat-zubehoer-des-schinkenmachers","8":"first","9":"instock","10":"taxable","11":"shipping-taxable","12":"purchasable","13":"product-type-simple"},"acf":[],"yoast_head":"<!-- This site is optimized with the Yoast SEO plugin v27.2 - https:\/\/yoast.com\/product\/yoast-seo-wordpress\/ -->\n<title>Pferdeknochen - La Casa del Prosciutto<\/title>\n<meta name=\"robots\" content=\"index, follow, max-snippet:-1, max-image-preview:large, max-video-preview:-1\" \/>\n<link rel=\"canonical\" href=\"https:\/\/lacasadelprosciutto.publifarm.com\/de\/product\/pferdeknochen\/\" \/>\n<meta property=\"og:locale\" content=\"de_DE\" \/>\n<meta property=\"og:type\" content=\"article\" \/>\n<meta property=\"og:title\" content=\"Pferdeknochen - La Casa del Prosciutto\" \/>\n<meta property=\"og:description\" content=\"Das unverzichtbare Zubeh\u00f6r, um die G\u00fcte eines ganzen Schinkens mit Knochen zu beurteilen!\" \/>\n<meta property=\"og:url\" content=\"https:\/\/lacasadelprosciutto.publifarm.com\/de\/product\/pferdeknochen\/\" \/>\n<meta property=\"og:site_name\" content=\"La Casa del Prosciutto\" \/>\n<meta property=\"article:modified_time\" content=\"2024-07-26T12:12:43+00:00\" \/>\n<meta property=\"og:image\" content=\"https:\/\/lacasadelprosciutto.publifarm.com\/wp-content\/uploads\/2024\/07\/Osso-di-cavallo.jpg\" \/>\n\t<meta property=\"og:image:width\" content=\"1500\" \/>\n\t<meta property=\"og:image:height\" content=\"2250\" \/>\n\t<meta property=\"og:image:type\" content=\"image\/jpeg\" \/>\n<meta name=\"twitter:card\" content=\"summary_large_image\" \/>\n<meta name=\"twitter:label1\" content=\"Gesch\u00e4tzte Lesezeit\" \/>\n\t<meta name=\"twitter:data1\" content=\"1 minute\" \/>\n<script type=\"application\/ld+json\" class=\"yoast-schema-graph\">{\"@context\":\"https:\/\/schema.org\",\"@graph\":[{\"@type\":\"WebPage\",\"@id\":\"https:\/\/lacasadelprosciutto.publifarm.com\/de\/product\/pferdeknochen\/\",\"url\":\"https:\/\/lacasadelprosciutto.publifarm.com\/de\/product\/pferdeknochen\/\",\"name\":\"Pferdeknochen - La Casa del Prosciutto\",\"isPartOf\":{\"@id\":\"https:\/\/lacasadelprosciutto.publifarm.com\/de\/#website\"},\"primaryImageOfPage\":{\"@id\":\"https:\/\/lacasadelprosciutto.publifarm.com\/de\/product\/pferdeknochen\/#primaryimage\"},\"image\":{\"@id\":\"https:\/\/lacasadelprosciutto.publifarm.com\/de\/product\/pferdeknochen\/#primaryimage\"},\"thumbnailUrl\":\"https:\/\/lacasadelprosciutto.publifarm.com\/wp-content\/uploads\/2024\/07\/Osso-di-cavallo.jpg\",\"datePublished\":\"2024-07-18T10:46:44+00:00\",\"dateModified\":\"2024-07-26T12:12:43+00:00\",\"breadcrumb\":{\"@id\":\"https:\/\/lacasadelprosciutto.publifarm.com\/de\/product\/pferdeknochen\/#breadcrumb\"},\"inLanguage\":\"de-DE\",\"potentialAction\":[{\"@type\":\"ReadAction\",\"target\":[\"https:\/\/lacasadelprosciutto.publifarm.com\/de\/product\/pferdeknochen\/\"]}]},{\"@type\":\"ImageObject\",\"inLanguage\":\"de-DE\",\"@id\":\"https:\/\/lacasadelprosciutto.publifarm.com\/de\/product\/pferdeknochen\/#primaryimage\",\"url\":\"https:\/\/lacasadelprosciutto.publifarm.com\/wp-content\/uploads\/2024\/07\/Osso-di-cavallo.jpg\",\"contentUrl\":\"https:\/\/lacasadelprosciutto.publifarm.com\/wp-content\/uploads\/2024\/07\/Osso-di-cavallo.jpg\",\"width\":1500,\"height\":2250},{\"@type\":\"BreadcrumbList\",\"@id\":\"https:\/\/lacasadelprosciutto.publifarm.com\/de\/product\/pferdeknochen\/#breadcrumb\",\"itemListElement\":[{\"@type\":\"ListItem\",\"position\":1,\"name\":\"Home\",\"item\":\"https:\/\/lacasadelprosciutto.publifarm.com\/de\/\"},{\"@type\":\"ListItem\",\"position\":2,\"name\":\"Shop\",\"item\":\"https:\/\/lacasadelprosciutto.publifarm.com\/shop\/\"},{\"@type\":\"ListItem\",\"position\":3,\"name\":\"Pferdeknochen\"}]},{\"@type\":\"WebSite\",\"@id\":\"https:\/\/lacasadelprosciutto.publifarm.com\/de\/#website\",\"url\":\"https:\/\/lacasadelprosciutto.publifarm.com\/de\/\",\"name\":\"La Casa del Prosciutto\",\"description\":\"Alberti 1906\",\"potentialAction\":[{\"@type\":\"SearchAction\",\"target\":{\"@type\":\"EntryPoint\",\"urlTemplate\":\"https:\/\/lacasadelprosciutto.publifarm.com\/de\/?s={search_term_string}\"},\"query-input\":{\"@type\":\"PropertyValueSpecification\",\"valueRequired\":true,\"valueName\":\"search_term_string\"}}],\"inLanguage\":\"de-DE\"}]}<\/script>\n<!-- \/ Yoast SEO plugin. -->","yoast_head_json":{"title":"Pferdeknochen - La Casa del Prosciutto","robots":{"index":"index","follow":"follow","max-snippet":"max-snippet:-1","max-image-preview":"max-image-preview:large","max-video-preview":"max-video-preview:-1"},"canonical":"https:\/\/lacasadelprosciutto.publifarm.com\/de\/product\/pferdeknochen\/","og_locale":"de_DE","og_type":"article","og_title":"Pferdeknochen - La Casa del Prosciutto","og_description":"Das unverzichtbare Zubeh\u00f6r, um die G\u00fcte eines ganzen Schinkens mit Knochen zu beurteilen!","og_url":"https:\/\/lacasadelprosciutto.publifarm.com\/de\/product\/pferdeknochen\/","og_site_name":"La Casa del Prosciutto","article_modified_time":"2024-07-26T12:12:43+00:00","og_image":[{"width":1500,"height":2250,"url":"https:\/\/lacasadelprosciutto.publifarm.com\/wp-content\/uploads\/2024\/07\/Osso-di-cavallo.jpg","type":"image\/jpeg"}],"twitter_card":"summary_large_image","twitter_misc":{"Gesch\u00e4tzte Lesezeit":"1 minute"},"schema":{"@context":"https:\/\/schema.org","@graph":[{"@type":"WebPage","@id":"https:\/\/lacasadelprosciutto.publifarm.com\/de\/product\/pferdeknochen\/","url":"https:\/\/lacasadelprosciutto.publifarm.com\/de\/product\/pferdeknochen\/","name":"Pferdeknochen - La Casa del Prosciutto","isPartOf":{"@id":"https:\/\/lacasadelprosciutto.publifarm.com\/de\/#website"},"primaryImageOfPage":{"@id":"https:\/\/lacasadelprosciutto.publifarm.com\/de\/product\/pferdeknochen\/#primaryimage"},"image":{"@id":"https:\/\/lacasadelprosciutto.publifarm.com\/de\/product\/pferdeknochen\/#primaryimage"},"thumbnailUrl":"https:\/\/lacasadelprosciutto.publifarm.com\/wp-content\/uploads\/2024\/07\/Osso-di-cavallo.jpg","datePublished":"2024-07-18T10:46:44+00:00","dateModified":"2024-07-26T12:12:43+00:00","breadcrumb":{"@id":"https:\/\/lacasadelprosciutto.publifarm.com\/de\/product\/pferdeknochen\/#breadcrumb"},"inLanguage":"de-DE","potentialAction":[{"@type":"ReadAction","target":["https:\/\/lacasadelprosciutto.publifarm.com\/de\/product\/pferdeknochen\/"]}]},{"@type":"ImageObject","inLanguage":"de-DE","@id":"https:\/\/lacasadelprosciutto.publifarm.com\/de\/product\/pferdeknochen\/#primaryimage","url":"https:\/\/lacasadelprosciutto.publifarm.com\/wp-content\/uploads\/2024\/07\/Osso-di-cavallo.jpg","contentUrl":"https:\/\/lacasadelprosciutto.publifarm.com\/wp-content\/uploads\/2024\/07\/Osso-di-cavallo.jpg","width":1500,"height":2250},{"@type":"BreadcrumbList","@id":"https:\/\/lacasadelprosciutto.publifarm.com\/de\/product\/pferdeknochen\/#breadcrumb","itemListElement":[{"@type":"ListItem","position":1,"name":"Home","item":"https:\/\/lacasadelprosciutto.publifarm.com\/de\/"},{"@type":"ListItem","position":2,"name":"Shop","item":"https:\/\/lacasadelprosciutto.publifarm.com\/shop\/"},{"@type":"ListItem","position":3,"name":"Pferdeknochen"}]},{"@type":"WebSite","@id":"https:\/\/lacasadelprosciutto.publifarm.com\/de\/#website","url":"https:\/\/lacasadelprosciutto.publifarm.com\/de\/","name":"La Casa del Prosciutto","description":"Alberti 1906","potentialAction":[{"@type":"SearchAction","target":{"@type":"EntryPoint","urlTemplate":"https:\/\/lacasadelprosciutto.publifarm.com\/de\/?s={search_term_string}"},"query-input":{"@type":"PropertyValueSpecification","valueRequired":true,"valueName":"search_term_string"}}],"inLanguage":"de-DE"}]}},"_links":{"self":[{"href":"https:\/\/lacasadelprosciutto.publifarm.com\/de\/wp-json\/wp\/v2\/product\/2307","targetHints":{"allow":["GET"]}}],"collection":[{"href":"https:\/\/lacasadelprosciutto.publifarm.com\/de\/wp-json\/wp\/v2\/product"}],"about":[{"href":"https:\/\/lacasadelprosciutto.publifarm.com\/de\/wp-json\/wp\/v2\/types\/product"}],"wp:featuredmedia":[{"embeddable":true,"href":"https:\/\/lacasadelprosciutto.publifarm.com\/de\/wp-json\/wp\/v2\/media\/4541"}],"wp:attachment":[{"href":"https:\/\/lacasadelprosciutto.publifarm.com\/de\/wp-json\/wp\/v2\/media?parent=2307"}],"wp:term":[{"taxonomy":"product_brand","embeddable":true,"href":"https:\/\/lacasadelprosciutto.publifarm.com\/de\/wp-json\/wp\/v2\/product_brand?post=2307"},{"taxonomy":"product_cat","embeddable":true,"href":"https:\/\/lacasadelprosciutto.publifarm.com\/de\/wp-json\/wp\/v2\/product_cat?post=2307"},{"taxonomy":"product_tag","embeddable":true,"href":"https:\/\/lacasadelprosciutto.publifarm.com\/de\/wp-json\/wp\/v2\/product_tag?post=2307"}],"curies":[{"name":"wp","href":"https:\/\/api.w.org\/{rel}","templated":true}]}}