{"id":1686,"date":"2024-06-21T11:28:02","date_gmt":"2024-06-21T09:28:02","guid":{"rendered":"http:\/\/localhost\/la-casa-del-prosciutto\/metodi-di-pagamento\/"},"modified":"2024-07-04T11:58:52","modified_gmt":"2024-07-04T09:58:52","slug":"zahlungsmethoden","status":"publish","type":"page","link":"https:\/\/lacasadelprosciutto.publifarm.com\/de\/zahlungsmethoden\/","title":{"rendered":"Zahlungsmethoden"},"content":{"rendered":"\n<section class=\"wp-block-publifarm-columns page__content\"><div class=\"container\"><div class=\"row\">\n<div class=\"wp-block-publifarm-column col-12 col-md-12 col-lg-2\"><\/div>\n\n\n\n<div class=\"wp-block-publifarm-column col-12 col-md-12 col-lg\">\n<h1 class=\"wp-block-evidenzio-ev-title titolo_pb d-block h4 has-text-align-center page__title\">Zahlungsmethoden<\/h1>\n\n\n\n<p class=\"wp-block-evidenzio-ev-title titolo_pb d-block h4 has-text-align-left\">Die Zahlung der auf der Website gekauften Produkte kann mit den in den folgenden Abs\u00e4tzen beschriebenen Zahlungsmethoden erfolgen. Einige Zahlungsmethoden k\u00f6nnen aufgrund der Art des gekauften Produkts und \/ oder der Art der Lieferung oder des Versands m\u00f6glicherweise nicht verwendet werden.<\/p>\n\n\n\n<p><strong>9.1<\/strong> Streifenservice \u00fcber Kreditkarten und andere zul\u00e4ssige Zahlungsformeln<\/p>\n\n\n\n<p><strong>9.1.1<\/strong> Die akzeptierten Kreditkarten sind in jedem Fall in den Links des Stripe-Dienstes angegeben. Die vom Benutzer an ALBERTI S.r.l. geschuldete Geb\u00fchr f\u00fcr den Gesamtbetrag. erfolgt zum Zeitpunkt der Auftrags\u00fcbermittlung.<\/p>\n\n\n\n<p><strong>9.1.2<\/strong> ALBERTI S.r.l. Verwenden Sie den sicheren Stripe-Zahlungsdienst. Vertrauliche Kreditkartendaten (Kartennummer, Inhaber des Ablaufdatums, Sicherheitscode) werden auf die Website des Zahlungsmanagers hochgeladen. ALBERTI S.r.l. Daher hat es niemals Zugriff auf die vom Benutzer verwendeten Zahlungsmethoden und speichert diese nicht.<\/p>\n\n\n\n<p><strong>9.2<\/strong> \u00dcberweisung<\/p>\n\n\n\n<p><strong>9.2.1<\/strong> Die Zahlung f\u00fcr die auf der Website gekauften Produkte kann per Bank\u00fcberweisung erfolgen. Die Bankdaten f\u00fcr die \u00dcberweisung werden auf der Seite &#8220;Zahlungen&#8221; angegeben, die \u00fcber den entsprechenden Link und in der Bestellbest\u00e4tigungs-E-Mail zug\u00e4nglich ist.<\/p>\n\n\n\n<p><strong>9.2.2<\/strong> Die Zahlung der Produkte per Bank\u00fcberweisung muss sp\u00e4testens 7 Kalendertage nach dem Datum der Bestellung erfolgen. Nach Ablauf dieser Frist kann der Vertrag als gesetzlich gek\u00fcndigt angesehen werden, wodurch der f\u00e4llige Gesamtbetrag erstattet und m\u00f6glicherweise versp\u00e4tet gezahlt wird. Die K\u00fcndigung des Vertrages wird dem Nutzer per E-Mail mitgeteilt und der bezahlte Betrag auf die gleiche Weise wie in Art. 1 zur\u00fcckgegeben. 5.4, soweit zutreffend.<\/p>\n\n\n\n<p><strong>9.2.3<\/strong> Bei Zahlung per \u00dcberweisung erfolgt der Versand der Produkte erst nach Gutschrift am Valutatag bei der Bank von ALBERTI S.r.l. Folglich laufen die Lieferbedingungen der Produkte ab diesem Datum.<\/p>\n\n\n\n<p><strong>9.2.4<\/strong> Um die Verbindung zwischen der per \u00dcberweisung eingegangenen Zahlung und der aufgegebenen Bestellung zu erleichtern, wird der Kunde gebeten, die Bestellnummer im Grund f\u00fcr die \u00dcberweisung anzugeben.<\/p>\n<\/div>\n\n\n\n<div class=\"wp-block-publifarm-column col-12 col-md-12 col-lg-2\"><\/div>\n<\/div><\/div><\/section>\n","protected":false},"excerpt":{"rendered":"","protected":false},"author":1,"featured_media":0,"parent":0,"menu_order":34,"comment_status":"closed","ping_status":"closed","template":"","meta":{"_acf_changed":false,"inline_featured_image":false,"footnotes":""},"class_list":["post-1686","page","type-page","status-publish","hentry"],"acf":[],"yoast_head":"<!-- This site is optimized with the Yoast SEO plugin v27.2 - https:\/\/yoast.com\/product\/yoast-seo-wordpress\/ -->\n<title>Zahlungsmethoden - La Casa del Prosciutto<\/title>\n<meta name=\"robots\" content=\"index, follow, max-snippet:-1, max-image-preview:large, max-video-preview:-1\" \/>\n<link rel=\"canonical\" href=\"https:\/\/lacasadelprosciutto.publifarm.com\/de\/zahlungsmethoden\/\" \/>\n<meta property=\"og:locale\" content=\"de_DE\" \/>\n<meta property=\"og:type\" content=\"article\" \/>\n<meta property=\"og:title\" content=\"Zahlungsmethoden - La Casa del Prosciutto\" \/>\n<meta property=\"og:url\" content=\"https:\/\/lacasadelprosciutto.publifarm.com\/de\/zahlungsmethoden\/\" \/>\n<meta property=\"og:site_name\" content=\"La Casa del Prosciutto\" \/>\n<meta property=\"article:modified_time\" content=\"2024-07-04T09:58:52+00:00\" \/>\n<meta name=\"twitter:card\" content=\"summary_large_image\" \/>\n<meta name=\"twitter:label1\" content=\"Gesch\u00e4tzte Lesezeit\" \/>\n\t<meta name=\"twitter:data1\" content=\"1 minute\" \/>\n<script type=\"application\/ld+json\" class=\"yoast-schema-graph\">{\"@context\":\"https:\/\/schema.org\",\"@graph\":[{\"@type\":\"WebPage\",\"@id\":\"https:\/\/lacasadelprosciutto.publifarm.com\/de\/zahlungsmethoden\/\",\"url\":\"https:\/\/lacasadelprosciutto.publifarm.com\/de\/zahlungsmethoden\/\",\"name\":\"Zahlungsmethoden - La Casa del Prosciutto\",\"isPartOf\":{\"@id\":\"https:\/\/lacasadelprosciutto.publifarm.com\/de\/#website\"},\"datePublished\":\"2024-06-21T09:28:02+00:00\",\"dateModified\":\"2024-07-04T09:58:52+00:00\",\"breadcrumb\":{\"@id\":\"https:\/\/lacasadelprosciutto.publifarm.com\/de\/zahlungsmethoden\/#breadcrumb\"},\"inLanguage\":\"de-DE\",\"potentialAction\":[{\"@type\":\"ReadAction\",\"target\":[\"https:\/\/lacasadelprosciutto.publifarm.com\/de\/zahlungsmethoden\/\"]}]},{\"@type\":\"BreadcrumbList\",\"@id\":\"https:\/\/lacasadelprosciutto.publifarm.com\/de\/zahlungsmethoden\/#breadcrumb\",\"itemListElement\":[{\"@type\":\"ListItem\",\"position\":1,\"name\":\"Home\",\"item\":\"https:\/\/lacasadelprosciutto.publifarm.com\/de\/\"},{\"@type\":\"ListItem\",\"position\":2,\"name\":\"Zahlungsmethoden\"}]},{\"@type\":\"WebSite\",\"@id\":\"https:\/\/lacasadelprosciutto.publifarm.com\/de\/#website\",\"url\":\"https:\/\/lacasadelprosciutto.publifarm.com\/de\/\",\"name\":\"La Casa del Prosciutto\",\"description\":\"Alberti 1906\",\"potentialAction\":[{\"@type\":\"SearchAction\",\"target\":{\"@type\":\"EntryPoint\",\"urlTemplate\":\"https:\/\/lacasadelprosciutto.publifarm.com\/de\/?s={search_term_string}\"},\"query-input\":{\"@type\":\"PropertyValueSpecification\",\"valueRequired\":true,\"valueName\":\"search_term_string\"}}],\"inLanguage\":\"de-DE\"}]}<\/script>\n<!-- \/ Yoast SEO plugin. -->","yoast_head_json":{"title":"Zahlungsmethoden - La Casa del Prosciutto","robots":{"index":"index","follow":"follow","max-snippet":"max-snippet:-1","max-image-preview":"max-image-preview:large","max-video-preview":"max-video-preview:-1"},"canonical":"https:\/\/lacasadelprosciutto.publifarm.com\/de\/zahlungsmethoden\/","og_locale":"de_DE","og_type":"article","og_title":"Zahlungsmethoden - La Casa del Prosciutto","og_url":"https:\/\/lacasadelprosciutto.publifarm.com\/de\/zahlungsmethoden\/","og_site_name":"La Casa del Prosciutto","article_modified_time":"2024-07-04T09:58:52+00:00","twitter_card":"summary_large_image","twitter_misc":{"Gesch\u00e4tzte Lesezeit":"1 minute"},"schema":{"@context":"https:\/\/schema.org","@graph":[{"@type":"WebPage","@id":"https:\/\/lacasadelprosciutto.publifarm.com\/de\/zahlungsmethoden\/","url":"https:\/\/lacasadelprosciutto.publifarm.com\/de\/zahlungsmethoden\/","name":"Zahlungsmethoden - La Casa del Prosciutto","isPartOf":{"@id":"https:\/\/lacasadelprosciutto.publifarm.com\/de\/#website"},"datePublished":"2024-06-21T09:28:02+00:00","dateModified":"2024-07-04T09:58:52+00:00","breadcrumb":{"@id":"https:\/\/lacasadelprosciutto.publifarm.com\/de\/zahlungsmethoden\/#breadcrumb"},"inLanguage":"de-DE","potentialAction":[{"@type":"ReadAction","target":["https:\/\/lacasadelprosciutto.publifarm.com\/de\/zahlungsmethoden\/"]}]},{"@type":"BreadcrumbList","@id":"https:\/\/lacasadelprosciutto.publifarm.com\/de\/zahlungsmethoden\/#breadcrumb","itemListElement":[{"@type":"ListItem","position":1,"name":"Home","item":"https:\/\/lacasadelprosciutto.publifarm.com\/de\/"},{"@type":"ListItem","position":2,"name":"Zahlungsmethoden"}]},{"@type":"WebSite","@id":"https:\/\/lacasadelprosciutto.publifarm.com\/de\/#website","url":"https:\/\/lacasadelprosciutto.publifarm.com\/de\/","name":"La Casa del Prosciutto","description":"Alberti 1906","potentialAction":[{"@type":"SearchAction","target":{"@type":"EntryPoint","urlTemplate":"https:\/\/lacasadelprosciutto.publifarm.com\/de\/?s={search_term_string}"},"query-input":{"@type":"PropertyValueSpecification","valueRequired":true,"valueName":"search_term_string"}}],"inLanguage":"de-DE"}]}},"_links":{"self":[{"href":"https:\/\/lacasadelprosciutto.publifarm.com\/de\/wp-json\/wp\/v2\/pages\/1686","targetHints":{"allow":["GET"]}}],"collection":[{"href":"https:\/\/lacasadelprosciutto.publifarm.com\/de\/wp-json\/wp\/v2\/pages"}],"about":[{"href":"https:\/\/lacasadelprosciutto.publifarm.com\/de\/wp-json\/wp\/v2\/types\/page"}],"author":[{"embeddable":true,"href":"https:\/\/lacasadelprosciutto.publifarm.com\/de\/wp-json\/wp\/v2\/users\/1"}],"replies":[{"embeddable":true,"href":"https:\/\/lacasadelprosciutto.publifarm.com\/de\/wp-json\/wp\/v2\/comments?post=1686"}],"version-history":[{"count":0,"href":"https:\/\/lacasadelprosciutto.publifarm.com\/de\/wp-json\/wp\/v2\/pages\/1686\/revisions"}],"wp:attachment":[{"href":"https:\/\/lacasadelprosciutto.publifarm.com\/de\/wp-json\/wp\/v2\/media?parent=1686"}],"curies":[{"name":"wp","href":"https:\/\/api.w.org\/{rel}","templated":true}]}}