{"id":1341,"date":"2024-05-29T11:39:36","date_gmt":"2024-05-29T09:39:36","guid":{"rendered":"http:\/\/localhost\/la-casa-del-prosciutto\/osteria\/"},"modified":"2024-09-05T15:39:27","modified_gmt":"2024-09-05T13:39:27","slug":"wirtshaus","status":"publish","type":"page","link":"https:\/\/lacasadelprosciutto.publifarm.com\/de\/wirtshaus\/","title":{"rendered":"Wirtshaus"},"content":{"rendered":"\n<section class=\"wp-block-publifarm-columns section__page-hero-2\" id=\"osteria__hero\"><div class=\"container\"><div class=\"row justify-content-right\">\n<div class=\"wp-block-publifarm-column col-12 col-md-12 col-lg-4 col__txt\"><\/div>\n\n\n\n<div class=\"wp-block-publifarm-column col-12 col-md-12 col-lg-8 col__txt\">\n<h1 class=\"wp-block-evidenzio-ev-title titolo_pb d-block h2 has-text-align-undefined\">Jeden Tag \u00f6ffnen wir mit Begeisterung die T\u00fcren unserer historischen Osteria, um Ihnen die M\u00f6glichkeit zu geben, den Schinken zu probieren und zu kaufen, den wir seit \u00fcber einem Jahrhundert mit Leidenschaft herstellen.<\/h1>\n<\/div>\n<\/div><\/div><\/section>\n\n\n\n<section class=\"wp-block-publifarm-columns section__card has-link-color wp-elements-31c96e25e1cce6eb616738f42adb8a99\" id=\"osteria__prenota\"><div class=\"container\"><div class=\"row\">\n<div class=\"wp-block-publifarm-column col-12 col-md-6 col-lg-6 col__txt\">\n<div class=\"wp-block-buttons is-layout-flex wp-block-buttons-is-layout-flex\">\n<div class=\"wp-block-button is-style-primary-button\"><a class=\"wp-block-button__link has-colore-tema-1-color has-text-color has-background has-link-color wp-element-button\" href=\"https:\/\/pricelistlacasadelprosciutto.com\/\" style=\"background-color:#ffffff00\" target=\"_blank\" rel=\"noreferrer noopener\">Entdecken Sie die Speisekarte<\/a><\/div>\n<\/div>\n\n\n\n<div class=\"wp-block-buttons is-layout-flex wp-block-buttons-is-layout-flex\">\n<div class=\"wp-block-button has-custom-width wp-block-button__width-100 is-style-secondary-button\"><a class=\"wp-block-button__link has-colore-tema-1-color has-colore-tema-6-background-color has-text-color has-background has-link-color wp-element-button\" href=\"https:\/\/lacasadelprosciutto.myrestoo.net\/de\/reservar\" target=\"_blank\" rel=\"https:\/\/lacasadelprosciutto.myrestoo.net\/it\/reservar noreferrer noopener\">RESERVIEREN SIE IHREN TISCH*<\/a><\/div>\n<\/div>\n\n\n\n<p class=\"wp-block-evidenzio-ev-title titolo_pb d-block h3 has-text-align-undefined\">*Reservierung erforderlich<\/p>\n<\/div>\n\n\n\n<div class=\"wp-block-publifarm-column col-12 col-md-6 col-lg-6 col__txt\">\n<p class=\"wp-block-evidenzio-ev-title titolo_pb d-block h3 has-text-align-undefined\">Betreten Sie unser Haus im Zentrum von San Daniele, lassen Sie sich vom Duft h\u00e4ngender Schinken umh\u00fcllen und entdecken Sie die Aromen der Tradition. <\/p>\n\n\n\n<p class=\"wp-block-evidenzio-ev-title titolo_pb d-block h3 has-text-align-undefined\">Passend zum Prosciutto Alberti finden Sie eine Auswahl an delikaten Beilagen in \u00d6l, typisch friaulischen K\u00e4se und anderen lokalen Wurstwaren.<br>Nat\u00fcrlich begleitet von den besten Weinen unserer Region.<\/p>\n<\/div>\n<\/div><\/div><\/section>\n\n\n\n<div id=\"osteria__gallery\" class=\"wp-block-group section__gallery\"><div class=\"wp-block-group__inner-container is-layout-constrained wp-block-group-is-layout-constrained\">\n<section class=\"wp-block-publifarm-columns section__gallery__slider__box\"><div class=\"container\"><div class=\"row\">\n<div class=\"wp-block-publifarm-column col-12 col-md-12 col-lg-12 section__gallery__slider\">\n<figure class=\"wp-block-image size-full\"><img loading=\"lazy\" decoding=\"async\" width=\"589\" height=\"884\" src=\"https:\/\/lacasadelprosciutto.publifarm.com\/wp-content\/uploads\/2024\/07\/02_osteria-slide_interna-pagina-3.jpg\" alt=\"\" class=\"wp-image-1911\" srcset=\"https:\/\/lacasadelprosciutto.publifarm.com\/wp-content\/uploads\/2024\/07\/02_osteria-slide_interna-pagina-3.jpg 589w, https:\/\/lacasadelprosciutto.publifarm.com\/wp-content\/uploads\/2024\/07\/02_osteria-slide_interna-pagina-3-200x300.jpg 200w\" sizes=\"auto, (max-width: 589px) 100vw, 589px\" \/><\/figure>\n\n\n\n<figure class=\"wp-block-image size-large\"><img loading=\"lazy\" decoding=\"async\" width=\"1024\" height=\"575\" src=\"https:\/\/lacasadelprosciutto.publifarm.com\/wp-content\/uploads\/2024\/07\/slider-osteria-02-1024x575.jpg\" alt=\"\" class=\"wp-image-1943\" srcset=\"https:\/\/lacasadelprosciutto.publifarm.com\/wp-content\/uploads\/2024\/07\/slider-osteria-02-1024x575.jpg 1024w, https:\/\/lacasadelprosciutto.publifarm.com\/wp-content\/uploads\/2024\/07\/slider-osteria-02-600x337.jpg 600w, https:\/\/lacasadelprosciutto.publifarm.com\/wp-content\/uploads\/2024\/07\/slider-osteria-02-300x168.jpg 300w, https:\/\/lacasadelprosciutto.publifarm.com\/wp-content\/uploads\/2024\/07\/slider-osteria-02-768x431.jpg 768w, https:\/\/lacasadelprosciutto.publifarm.com\/wp-content\/uploads\/2024\/07\/slider-osteria-02-1536x862.jpg 1536w, https:\/\/lacasadelprosciutto.publifarm.com\/wp-content\/uploads\/2024\/07\/slider-osteria-02.jpg 1781w\" sizes=\"auto, (max-width: 1024px) 100vw, 1024px\" \/><\/figure>\n\n\n\n<figure class=\"wp-block-image size-large\"><img loading=\"lazy\" decoding=\"async\" width=\"1024\" height=\"707\" src=\"https:\/\/lacasadelprosciutto.publifarm.com\/wp-content\/uploads\/2024\/07\/slider-osteria-01-1024x707.jpg\" alt=\"\" class=\"wp-image-1939\" srcset=\"https:\/\/lacasadelprosciutto.publifarm.com\/wp-content\/uploads\/2024\/07\/slider-osteria-01-1024x707.jpg 1024w, https:\/\/lacasadelprosciutto.publifarm.com\/wp-content\/uploads\/2024\/07\/slider-osteria-01-600x414.jpg 600w, https:\/\/lacasadelprosciutto.publifarm.com\/wp-content\/uploads\/2024\/07\/slider-osteria-01-300x207.jpg 300w, https:\/\/lacasadelprosciutto.publifarm.com\/wp-content\/uploads\/2024\/07\/slider-osteria-01-768x530.jpg 768w, https:\/\/lacasadelprosciutto.publifarm.com\/wp-content\/uploads\/2024\/07\/slider-osteria-01.jpg 1449w\" sizes=\"auto, (max-width: 1024px) 100vw, 1024px\" \/><\/figure>\n\n\n\n<figure class=\"wp-block-image size-large\"><img loading=\"lazy\" decoding=\"async\" width=\"1024\" height=\"768\" src=\"https:\/\/lacasadelprosciutto.publifarm.com\/wp-content\/uploads\/2024\/07\/slider-osteria-03-1024x768.jpg\" alt=\"\" class=\"wp-image-1947\" srcset=\"https:\/\/lacasadelprosciutto.publifarm.com\/wp-content\/uploads\/2024\/07\/slider-osteria-03-1024x768.jpg 1024w, https:\/\/lacasadelprosciutto.publifarm.com\/wp-content\/uploads\/2024\/07\/slider-osteria-03-600x450.jpg 600w, https:\/\/lacasadelprosciutto.publifarm.com\/wp-content\/uploads\/2024\/07\/slider-osteria-03-300x225.jpg 300w, https:\/\/lacasadelprosciutto.publifarm.com\/wp-content\/uploads\/2024\/07\/slider-osteria-03-768x576.jpg 768w, https:\/\/lacasadelprosciutto.publifarm.com\/wp-content\/uploads\/2024\/07\/slider-osteria-03.jpg 1333w\" sizes=\"auto, (max-width: 1024px) 100vw, 1024px\" \/><\/figure>\n\n\n\n<figure class=\"wp-block-image size-full\"><img loading=\"lazy\" decoding=\"async\" width=\"750\" height=\"1000\" src=\"https:\/\/lacasadelprosciutto.publifarm.com\/wp-content\/uploads\/2024\/07\/slider-osteria-04.jpg\" alt=\"\" class=\"wp-image-1951\" srcset=\"https:\/\/lacasadelprosciutto.publifarm.com\/wp-content\/uploads\/2024\/07\/slider-osteria-04.jpg 750w, https:\/\/lacasadelprosciutto.publifarm.com\/wp-content\/uploads\/2024\/07\/slider-osteria-04-600x800.jpg 600w, https:\/\/lacasadelprosciutto.publifarm.com\/wp-content\/uploads\/2024\/07\/slider-osteria-04-225x300.jpg 225w\" sizes=\"auto, (max-width: 750px) 100vw, 750px\" \/><\/figure>\n\n\n\n<figure class=\"wp-block-image size-full\"><img loading=\"lazy\" decoding=\"async\" width=\"750\" height=\"1000\" src=\"https:\/\/lacasadelprosciutto.publifarm.com\/wp-content\/uploads\/2024\/07\/slider-osteria-05.jpg\" alt=\"\" class=\"wp-image-1955\" srcset=\"https:\/\/lacasadelprosciutto.publifarm.com\/wp-content\/uploads\/2024\/07\/slider-osteria-05.jpg 750w, https:\/\/lacasadelprosciutto.publifarm.com\/wp-content\/uploads\/2024\/07\/slider-osteria-05-600x800.jpg 600w, https:\/\/lacasadelprosciutto.publifarm.com\/wp-content\/uploads\/2024\/07\/slider-osteria-05-225x300.jpg 225w\" sizes=\"auto, (max-width: 750px) 100vw, 750px\" \/><\/figure>\n<\/div>\n<\/div><\/div><\/section>\n\n\n\n<section class=\"wp-block-publifarm-columns section__gallery__nav\"><div class=\"container\"><div class=\"row\">\n<div class=\"wp-block-publifarm-column col-2 col-md-2 col-lg-2\">\n<button class=\"prev-arrow\"><\/button>\n<\/div>\n\n\n\n<div class=\"wp-block-publifarm-column col-2 col-md-2 col-lg-2\">\n<button class=\"next-arrow\"><\/button>\n<\/div>\n\n\n\n<div class=\"wp-block-publifarm-column col-8 col-md-8 col-lg-8\"><\/div>\n<\/div><\/div><\/section>\n<\/div><\/div>\n\n\n\n<section class=\"wp-block-publifarm-columns video__section\"><div class=\"container-fluid\"><div class=\"row\">\n<div class=\"wp-block-publifarm-column col-12 col-md-12 col-lg\"><section id=\"block_825f4bdb7be9ada10cd9d4938e8f3439\">\n\t\t\t\t\t\t\t\t\t\t\t\t<\/section>\n<\/div>\n<\/div><\/div><\/section>\n\n\n\n<div id=\"osteria__accordion\" class=\"wp-block-group accordion__list\"><div class=\"wp-block-group__inner-container is-layout-constrained wp-block-group-is-layout-constrained\">\n<div id=\"tab-1\" class=\"wp-block-group accordion__item show has-background\" style=\"background-color:#fff7b2\"><div class=\"wp-block-group__inner-container is-layout-constrained wp-block-group-is-layout-constrained\">\n<div class=\"wp-block-group accordion__header\"><div class=\"wp-block-group__inner-container is-layout-constrained wp-block-group-is-layout-constrained\">\n<div class=\"wp-block-buttons is-layout-flex wp-block-buttons-is-layout-flex\">\n<div class=\"wp-block-button accordion__btn\"><a class=\"wp-block-button__link has-colore-tema-1-color has-text-color has-background has-link-color wp-element-button\" style=\"background-color:#ffffff00\">\u00d6FFNUNGSZEITEN<\/a><\/div>\n<\/div>\n<\/div><\/div>\n\n\n\n<div class=\"wp-block-group accordion__body\"><div class=\"wp-block-group__inner-container is-layout-constrained wp-block-group-is-layout-constrained\">\n<section class=\"wp-block-publifarm-columns\"><div class=\"container-fluid\"><div class=\"row\">\n<div class=\"wp-block-publifarm-column col-9 col-md-6 col-lg-\">\n<h3 class=\"wp-block-evidenzio-ev-title titolo_pb d-block h4 has-text-align-undefined accordion__title\">Immer aktualisiert auf unserer Google-Seite<\/h3>\n<\/div>\n\n\n\n<div class=\"wp-block-publifarm-column col-3 col-md-6 col-lg-6\">\n<figure class=\"wp-block-image size-full\"><img decoding=\"async\" src=\"https:\/\/lacasadelprosciutto.publifarm.com\/wp-content\/uploads\/2024\/06\/icon-durata.svg\" alt=\"\" class=\"wp-image-1168\"\/><\/figure>\n<\/div>\n\n\n\n<div class=\"wp-block-publifarm-column col-12 col-md-12 col-lg\">\n<div class=\"wp-block-buttons accordion__link is-layout-flex wp-block-buttons-is-layout-flex\">\n<div class=\"wp-block-button is-style-primary-button\"><a class=\"wp-block-button__link has-colore-tema-1-color has-text-color has-background has-link-color wp-element-button\" href=\"https:\/\/www.google.it\/search?sxsrf=ALeKk02f6qpa_OLlNSeMWKN-zp4iJ1c3ow:1624712842819&amp;q=la+casa+del+prosciutto+%22alberti+1906%22+orari&amp;ludocid=8706490737522592389&amp;sa=X&amp;ved=2ahUKEwjepu7-rrXxAhVBgP0HHRXjASsQ6BMwInoECC0QAg&amp;biw=1440&amp;bih=792\" style=\"background-color:#ffffff00\" target=\"_blank\" rel=\"noreferrer noopener\">\u00d6ffnungszeiten<\/a><\/div>\n<\/div>\n<\/div>\n<\/div><\/div><\/section>\n<\/div><\/div>\n<\/div><\/div>\n\n\n\n<div id=\"tab-2\" class=\"wp-block-group accordion__item has-colore-tema-5-background-color has-background\"><div class=\"wp-block-group__inner-container is-layout-constrained wp-block-group-is-layout-constrained\">\n<div class=\"wp-block-group accordion__header\"><div class=\"wp-block-group__inner-container is-layout-constrained wp-block-group-is-layout-constrained\">\n<div class=\"wp-block-buttons is-layout-flex wp-block-buttons-is-layout-flex\">\n<div class=\"wp-block-button accordion__btn\"><a class=\"wp-block-button__link has-colore-tema-1-color has-text-color has-background has-link-color wp-element-button\" style=\"background-color:#ffffff00\">SO ERREICHEN SIE UNS &#8211; Parkpl\u00e4tze in der N\u00e4he<\/a><\/div>\n<\/div>\n<\/div><\/div>\n\n\n\n<div class=\"wp-block-group accordion__body\"><div class=\"wp-block-group__inner-container is-layout-constrained wp-block-group-is-layout-constrained\">\n<section class=\"wp-block-publifarm-columns\"><div class=\"container-fluid\"><div class=\"row\">\n<div class=\"wp-block-publifarm-column col-12 col-md-12 col-lg-12\">\n<div id=\"map\"><\/div>\n<\/div>\n<\/div><\/div><\/section>\n<\/div><\/div>\n<\/div><\/div>\n<\/div><\/div>\n\n\n<div id=\"fake_map\"><\/div>\n<section class=\"section__feedback\">\n\t<div class=\"container\">\n\t\t<div class=\"row\">\n\t\t\t<div class=\"col-6 col-md-2 col-lg-1 col__prev\">\n\t\t\t\t<div class=\"feedback__arrow\"><\/div>\n\t\t\t<\/div>\n\t\t\t<div class=\"col-12 col-md-8 col-lg-10 col__slider\">\n\t\t\t\t<div class=\"feedback__list\"><\/div>\n\t\t\t<\/div>\n\t\t\t<div class=\"col-6 col-md-2 col-lg-1 col__next\">\n\t\t\t\t<div class=\"feedback__arrow\"><\/div>\n\t\t\t<\/div>\n\t\t<\/div>\n\t<\/div>\n<\/section>\n\n\n\n<section class=\"wp-block-publifarm-columns section__banner-cta has-background bicolor has-colore-tema-6-color has-colore-tema-3-background-color has-text-color has-link-color wp-elements-b046a0971ce6222b2fbc983e8301bbc5\" id=\"osteria__banner\"><div class=\"container\"><div class=\"row\">\n<div class=\"wp-block-publifarm-column col-8 col-md-8 col-lg-8\">\n<span class=\"wp-block-evidenzio-ev-title titolo_pb d-block h5 has-text-align-undefined\">Reservieren Sie Ihren Tisch<\/span>\n<\/div>\n\n\n\n<div class=\"wp-block-publifarm-column col-4 col-md-4 col-lg-4 has-colore-tema-6-background-color has-background\">\n<div class=\"wp-block-buttons is-layout-flex wp-block-buttons-is-layout-flex\">\n<div class=\"wp-block-button has-custom-width wp-block-button__width-100 is-style-primary-button\"><a class=\"wp-block-button__link has-colore-tema-1-color has-text-color has-background has-link-color wp-element-button\" href=\"https:\/\/lacasadelprosciutto.myrestoo.net\/de\/reservar\" style=\"background-color:#ffffff00\" target=\"_blank\" rel=\"https:\/\/lacasadelprosciutto.myrestoo.net\/it\/reservar noreferrer noopener\">Reservieren Sie Ihren Tisch<\/a><\/div>\n<\/div>\n<\/div>\n<\/div><\/div><\/section>\n\n\n\n<section class=\"d-md-none\" style=\"width: 100%; height:40px; background-color:#e9e2d7\"><\/section>\n","protected":false},"excerpt":{"rendered":"","protected":false},"author":1,"featured_media":0,"parent":0,"menu_order":10,"comment_status":"closed","ping_status":"closed","template":"","meta":{"_acf_changed":false,"inline_featured_image":false,"footnotes":""},"class_list":["post-1341","page","type-page","status-publish","hentry"],"acf":[],"yoast_head":"<!-- This site is optimized with the Yoast SEO plugin v27.2 - https:\/\/yoast.com\/product\/yoast-seo-wordpress\/ -->\n<title>Wirtshaus - La Casa del Prosciutto<\/title>\n<meta name=\"robots\" content=\"index, follow, max-snippet:-1, max-image-preview:large, max-video-preview:-1\" \/>\n<link rel=\"canonical\" href=\"https:\/\/lacasadelprosciutto.publifarm.com\/de\/wirtshaus\/\" \/>\n<meta property=\"og:locale\" content=\"de_DE\" \/>\n<meta property=\"og:type\" content=\"article\" \/>\n<meta property=\"og:title\" content=\"Wirtshaus - La Casa del Prosciutto\" \/>\n<meta property=\"og:url\" content=\"https:\/\/lacasadelprosciutto.publifarm.com\/de\/wirtshaus\/\" \/>\n<meta property=\"og:site_name\" content=\"La Casa del Prosciutto\" \/>\n<meta property=\"article:modified_time\" content=\"2024-09-05T13:39:27+00:00\" \/>\n<meta property=\"og:image\" content=\"https:\/\/lacasadelprosciutto.publifarm.com\/wp-content\/uploads\/2024\/07\/02_osteria-slide_interna-pagina-3.jpg\" \/>\n<meta name=\"twitter:card\" content=\"summary_large_image\" \/>\n<meta name=\"twitter:label1\" content=\"Gesch\u00e4tzte Lesezeit\" \/>\n\t<meta name=\"twitter:data1\" content=\"3 minutes\" \/>\n<script type=\"application\/ld+json\" class=\"yoast-schema-graph\">{\"@context\":\"https:\/\/schema.org\",\"@graph\":[{\"@type\":\"WebPage\",\"@id\":\"https:\/\/lacasadelprosciutto.publifarm.com\/de\/wirtshaus\/\",\"url\":\"https:\/\/lacasadelprosciutto.publifarm.com\/de\/wirtshaus\/\",\"name\":\"Wirtshaus - La Casa del Prosciutto\",\"isPartOf\":{\"@id\":\"https:\/\/lacasadelprosciutto.publifarm.com\/de\/#website\"},\"primaryImageOfPage\":{\"@id\":\"https:\/\/lacasadelprosciutto.publifarm.com\/de\/wirtshaus\/#primaryimage\"},\"image\":{\"@id\":\"https:\/\/lacasadelprosciutto.publifarm.com\/de\/wirtshaus\/#primaryimage\"},\"thumbnailUrl\":\"https:\/\/lacasadelprosciutto.publifarm.com\/wp-content\/uploads\/2024\/07\/02_osteria-slide_interna-pagina-3.jpg\",\"datePublished\":\"2024-05-29T09:39:36+00:00\",\"dateModified\":\"2024-09-05T13:39:27+00:00\",\"breadcrumb\":{\"@id\":\"https:\/\/lacasadelprosciutto.publifarm.com\/de\/wirtshaus\/#breadcrumb\"},\"inLanguage\":\"de-DE\",\"potentialAction\":[{\"@type\":\"ReadAction\",\"target\":[\"https:\/\/lacasadelprosciutto.publifarm.com\/de\/wirtshaus\/\"]}]},{\"@type\":\"ImageObject\",\"inLanguage\":\"de-DE\",\"@id\":\"https:\/\/lacasadelprosciutto.publifarm.com\/de\/wirtshaus\/#primaryimage\",\"url\":\"https:\/\/lacasadelprosciutto.publifarm.com\/wp-content\/uploads\/2024\/07\/02_osteria-slide_interna-pagina-3.jpg\",\"contentUrl\":\"https:\/\/lacasadelprosciutto.publifarm.com\/wp-content\/uploads\/2024\/07\/02_osteria-slide_interna-pagina-3.jpg\"},{\"@type\":\"BreadcrumbList\",\"@id\":\"https:\/\/lacasadelprosciutto.publifarm.com\/de\/wirtshaus\/#breadcrumb\",\"itemListElement\":[{\"@type\":\"ListItem\",\"position\":1,\"name\":\"Home\",\"item\":\"https:\/\/lacasadelprosciutto.publifarm.com\/de\/\"},{\"@type\":\"ListItem\",\"position\":2,\"name\":\"Wirtshaus\"}]},{\"@type\":\"WebSite\",\"@id\":\"https:\/\/lacasadelprosciutto.publifarm.com\/de\/#website\",\"url\":\"https:\/\/lacasadelprosciutto.publifarm.com\/de\/\",\"name\":\"La Casa del Prosciutto\",\"description\":\"Alberti 1906\",\"potentialAction\":[{\"@type\":\"SearchAction\",\"target\":{\"@type\":\"EntryPoint\",\"urlTemplate\":\"https:\/\/lacasadelprosciutto.publifarm.com\/de\/?s={search_term_string}\"},\"query-input\":{\"@type\":\"PropertyValueSpecification\",\"valueRequired\":true,\"valueName\":\"search_term_string\"}}],\"inLanguage\":\"de-DE\"}]}<\/script>\n<!-- \/ Yoast SEO plugin. -->","yoast_head_json":{"title":"Wirtshaus - La Casa del Prosciutto","robots":{"index":"index","follow":"follow","max-snippet":"max-snippet:-1","max-image-preview":"max-image-preview:large","max-video-preview":"max-video-preview:-1"},"canonical":"https:\/\/lacasadelprosciutto.publifarm.com\/de\/wirtshaus\/","og_locale":"de_DE","og_type":"article","og_title":"Wirtshaus - La Casa del Prosciutto","og_url":"https:\/\/lacasadelprosciutto.publifarm.com\/de\/wirtshaus\/","og_site_name":"La Casa del Prosciutto","article_modified_time":"2024-09-05T13:39:27+00:00","og_image":[{"url":"https:\/\/lacasadelprosciutto.publifarm.com\/wp-content\/uploads\/2024\/07\/02_osteria-slide_interna-pagina-3.jpg","type":"","width":"","height":""}],"twitter_card":"summary_large_image","twitter_misc":{"Gesch\u00e4tzte Lesezeit":"3 minutes"},"schema":{"@context":"https:\/\/schema.org","@graph":[{"@type":"WebPage","@id":"https:\/\/lacasadelprosciutto.publifarm.com\/de\/wirtshaus\/","url":"https:\/\/lacasadelprosciutto.publifarm.com\/de\/wirtshaus\/","name":"Wirtshaus - La Casa del Prosciutto","isPartOf":{"@id":"https:\/\/lacasadelprosciutto.publifarm.com\/de\/#website"},"primaryImageOfPage":{"@id":"https:\/\/lacasadelprosciutto.publifarm.com\/de\/wirtshaus\/#primaryimage"},"image":{"@id":"https:\/\/lacasadelprosciutto.publifarm.com\/de\/wirtshaus\/#primaryimage"},"thumbnailUrl":"https:\/\/lacasadelprosciutto.publifarm.com\/wp-content\/uploads\/2024\/07\/02_osteria-slide_interna-pagina-3.jpg","datePublished":"2024-05-29T09:39:36+00:00","dateModified":"2024-09-05T13:39:27+00:00","breadcrumb":{"@id":"https:\/\/lacasadelprosciutto.publifarm.com\/de\/wirtshaus\/#breadcrumb"},"inLanguage":"de-DE","potentialAction":[{"@type":"ReadAction","target":["https:\/\/lacasadelprosciutto.publifarm.com\/de\/wirtshaus\/"]}]},{"@type":"ImageObject","inLanguage":"de-DE","@id":"https:\/\/lacasadelprosciutto.publifarm.com\/de\/wirtshaus\/#primaryimage","url":"https:\/\/lacasadelprosciutto.publifarm.com\/wp-content\/uploads\/2024\/07\/02_osteria-slide_interna-pagina-3.jpg","contentUrl":"https:\/\/lacasadelprosciutto.publifarm.com\/wp-content\/uploads\/2024\/07\/02_osteria-slide_interna-pagina-3.jpg"},{"@type":"BreadcrumbList","@id":"https:\/\/lacasadelprosciutto.publifarm.com\/de\/wirtshaus\/#breadcrumb","itemListElement":[{"@type":"ListItem","position":1,"name":"Home","item":"https:\/\/lacasadelprosciutto.publifarm.com\/de\/"},{"@type":"ListItem","position":2,"name":"Wirtshaus"}]},{"@type":"WebSite","@id":"https:\/\/lacasadelprosciutto.publifarm.com\/de\/#website","url":"https:\/\/lacasadelprosciutto.publifarm.com\/de\/","name":"La Casa del Prosciutto","description":"Alberti 1906","potentialAction":[{"@type":"SearchAction","target":{"@type":"EntryPoint","urlTemplate":"https:\/\/lacasadelprosciutto.publifarm.com\/de\/?s={search_term_string}"},"query-input":{"@type":"PropertyValueSpecification","valueRequired":true,"valueName":"search_term_string"}}],"inLanguage":"de-DE"}]}},"_links":{"self":[{"href":"https:\/\/lacasadelprosciutto.publifarm.com\/de\/wp-json\/wp\/v2\/pages\/1341","targetHints":{"allow":["GET"]}}],"collection":[{"href":"https:\/\/lacasadelprosciutto.publifarm.com\/de\/wp-json\/wp\/v2\/pages"}],"about":[{"href":"https:\/\/lacasadelprosciutto.publifarm.com\/de\/wp-json\/wp\/v2\/types\/page"}],"author":[{"embeddable":true,"href":"https:\/\/lacasadelprosciutto.publifarm.com\/de\/wp-json\/wp\/v2\/users\/1"}],"replies":[{"embeddable":true,"href":"https:\/\/lacasadelprosciutto.publifarm.com\/de\/wp-json\/wp\/v2\/comments?post=1341"}],"version-history":[{"count":2,"href":"https:\/\/lacasadelprosciutto.publifarm.com\/de\/wp-json\/wp\/v2\/pages\/1341\/revisions"}],"predecessor-version":[{"id":5214,"href":"https:\/\/lacasadelprosciutto.publifarm.com\/de\/wp-json\/wp\/v2\/pages\/1341\/revisions\/5214"}],"wp:attachment":[{"href":"https:\/\/lacasadelprosciutto.publifarm.com\/de\/wp-json\/wp\/v2\/media?parent=1341"}],"curies":[{"name":"wp","href":"https:\/\/api.w.org\/{rel}","templated":true}]}}